{"id":4074,"date":"2025-01-10T00:06:05","date_gmt":"2025-01-09T23:06:05","guid":{"rendered":"http:\/\/ventevillasmarrakech.com\/?page_id=4074"},"modified":"2025-05-16T11:33:28","modified_gmt":"2025-05-16T09:33:28","slug":"visite-360","status":"publish","type":"page","link":"https:\/\/www.citystar.ma\/fr\/visite-360\/","title":{"rendered":"VISITE 360\u00b0"},"content":{"rendered":"\t\t<div data-elementor-type=\"wp-page\" data-elementor-id=\"4074\" class=\"elementor elementor-4074\">\n\t\t\t\t<div class=\"elementor-element elementor-element-aa13aab e-flex e-con-boxed e-con e-parent\" data-id=\"aa13aab\" data-element_type=\"container\">\n\t\t\t\t\t<div class=\"e-con-inner\">\n\t\t<div class=\"elementor-element elementor-element-faf7853 e-con-full e-flex e-con e-child\" data-id=\"faf7853\" data-element_type=\"container\">\n\t\t<div class=\"elementor-element elementor-element-1d179d2 e-con-full e-flex e-con e-child\" data-id=\"1d179d2\" data-element_type=\"container\">\n\t\t\t\t<div class=\"elementor-element elementor-element-fd8aa1c elementor-widget-mobile__width-initial elementor-widget elementor-widget-heading\" data-id=\"fd8aa1c\" data-element_type=\"widget\" data-widget_type=\"heading.default\">\n\t\t\t\t<div class=\"elementor-widget-container\">\n\t\t\t\t\t<h3 class=\"elementor-heading-title elementor-size-default\">VISITE 360\u00b0<\/h3>\t\t\t\t<\/div>\n\t\t\t\t<\/div>\n\t\t\t\t<div class=\"elementor-element elementor-element-3d70bdc elementor-widget-mobile__width-initial elementor-widget elementor-widget-qi_addons_for_elementor_section_title\" data-id=\"3d70bdc\" data-element_type=\"widget\" data-widget_type=\"qi_addons_for_elementor_section_title.default\">\n\t\t\t\t<div class=\"elementor-widget-container\">\n\t\t\t\t\t<div class=\"qodef-shortcode qodef-m  qodef-qi-section-title  qodef-decoration--italic  qodef-link--underline-draw qodef-subtitle-icon--left\">\n\t\t\t\t<h5 class=\"qodef-m-subtitle\">\n\t\tD\u00e9couvrez nos villas en visite 360\u00b0\t\t\t<\/h5>\n\t\t\t\t\t<div class=\"qodef-m-text\"><p>Explorez notre complexe r\u00e9sidentiel \u00e0 travers une visite virtuelle immersive et interactive. Le projet comprend 14 villas sp\u00e9cialement con\u00e7ues pour r\u00e9pondre aux besoins uniques de chaque r\u00e9sident, avec un environnement s\u00fbr, confortable et accessible \u00e0 tous. Nos trois types de villas, A, B et C, ont \u00e9t\u00e9 pens\u00e9s pour r\u00e9pondre aux exigences et pr\u00e9f\u00e9rences des futurs habitants.<\/p><\/div>\n\t<\/div>\n\t\t\t\t<\/div>\n\t\t\t\t<\/div>\n\t\t\t\t<\/div>\n\t\t\t\t<\/div>\n\t\t\t\t\t<\/div>\n\t\t\t\t<\/div>\n\t\t<div class=\"elementor-element elementor-element-cbaf2e9 e-flex e-con-boxed e-con e-parent\" data-id=\"cbaf2e9\" data-element_type=\"container\">\n\t\t\t\t\t<div class=\"e-con-inner\">\n\t\t\t\t<div class=\"elementor-element elementor-element-61d04f2 elementor-widget elementor-widget-html\" data-id=\"61d04f2\" data-element_type=\"widget\" data-widget_type=\"html.default\">\n\t\t\t\t<div class=\"elementor-widget-container\">\n\t\t\t\t\t<iframe src=\"https:\/\/momento360.com\/e\/u\/d4658634f15c4a3fa6fdb5ef818d3e5a?utm_campaign=embed&utm_source=other&heading=0&pitch=0&field-of-view=75&size=medium&display-plan=true\" \r\n        width=\"100%\" \r\n        height=\"700px\" \r\n        frameborder=\"0\" \r\n        allowfullscreen>\r\n<\/iframe>\r\n\t\t\t\t<\/div>\n\t\t\t\t<\/div>\n\t\t\t\t\t<\/div>\n\t\t\t\t<\/div>\n\t\t<div class=\"elementor-element elementor-element-38ef046 e-con-full e-flex e-con e-child\" data-id=\"38ef046\" data-element_type=\"container\">\n\t\t<div class=\"elementor-element elementor-element-63b7ac6 e-con-full e-flex e-con e-child\" data-id=\"63b7ac6\" data-element_type=\"container\">\n\t\t\t\t<div class=\"elementor-element elementor-element-ae5ed3e elementor-widget elementor-widget-qi_addons_for_elementor_section_title\" data-id=\"ae5ed3e\" data-element_type=\"widget\" data-widget_type=\"qi_addons_for_elementor_section_title.default\">\n\t\t\t\t<div class=\"elementor-widget-container\">\n\t\t\t\t\t<div class=\"qodef-shortcode qodef-m  qodef-qi-section-title  qodef-decoration--italic  qodef-link--underline-draw qodef-subtitle-icon--left\">\n\t\t\t\t<h5 class=\"qodef-m-subtitle\">\n\t\tD\u00e9couvrir l'int\u00e9rieur de nos villas de luxe\t\t\t<\/h5>\n\t\t\t\t\t<div class=\"qodef-m-text\"><p>Plongez dans une visite virtuelle \u00e0 360\u00b0 et explorez les int\u00e9rieurs raffin\u00e9s de nos villas exclusives. Con\u00e7u pour le confort et l'\u00e9l\u00e9gance, chaque espace est con\u00e7u pour r\u00e9pondre aux besoins de votre style de vie. D\u00e9couvrez l'alliance parfaite de l'architecture moderne et du confort de vie.<\/p><\/div>\n\t<\/div>\n\t\t\t\t<\/div>\n\t\t\t\t<\/div>\n\t\t\t\t<\/div>\n\t\t\t\t<\/div>\n\t\t<div class=\"elementor-element elementor-element-98236a5 e-con-full e-flex e-con e-parent\" data-id=\"98236a5\" data-element_type=\"container\">\n\t\t\t\t<div class=\"elementor-element elementor-element-d741df3 elementor-widget elementor-widget-html\" data-id=\"d741df3\" data-element_type=\"widget\" data-widget_type=\"html.default\">\n\t\t\t\t<div class=\"elementor-widget-container\">\n\t\t\t\t\t<iframe\n  id=\"inlineFrameExample\"\n  title=\"Inline Frame Example\"\n  width=\"400\"\n  height=\"700\"\n  src=\"https:\/\/yun.kujiale.com\/design\/3FO3Q2Y4E8CT\/show\">\n<\/iframe>\t\t\t\t<\/div>\n\t\t\t\t<\/div>\n\t\t\t\t<\/div>\n\t\t\t\t<\/div>\n\t\t","protected":false},"excerpt":{"rendered":"<p>VISITE 360\u00b0 D\u00e9couvrez nos villas en visite 360\u00b0 Explorez notre complexe r\u00e9sidentiel \u00e0 travers une visite virtuelle immersive et interactive. Le projet comprend 14 villas sp\u00e9cialement con\u00e7ues pour r\u00e9pondre aux besoins uniques de chaque r\u00e9sident, avec un environnement s\u00fbr, confortable et accessible \u00e0 tous. Nos trois types de villas, A, B et C, ont \u00e9t\u00e9 [&hellip;]<\/p>\n","protected":false},"author":1,"featured_media":0,"parent":0,"menu_order":0,"comment_status":"closed","ping_status":"closed","template":"","meta":{"footnotes":""},"class_list":["post-4074","page","type-page","status-publish","hentry"],"yoast_head":"<!-- This site is optimized with the Yoast SEO plugin v24.6 - https:\/\/yoast.com\/wordpress\/plugins\/seo\/ -->\n<title>Villa de luxe \u00e0 Marrakech \u00e0 vendre, bonne opportunit\u00e9 immobili\u00e8re de luxe | Citystar<\/title>\n<meta name=\"description\" content=\"14 villas de luxe \u00e0 vendre \u00e0 Marrakech dans un domaine s\u00e9curis\u00e9 avec piscine &amp; ascenseur vers route de F\u00e8s Km 20\" \/>\n<meta name=\"robots\" content=\"index, follow, max-snippet:-1, max-image-preview:large, max-video-preview:-1\" \/>\n<link rel=\"canonical\" href=\"https:\/\/www.citystar.ma\/fr\/visite-360\/\" \/>\n<meta property=\"og:locale\" content=\"fr_FR\" \/>\n<meta property=\"og:type\" content=\"article\" \/>\n<meta property=\"og:title\" content=\"Villa de luxe de vos r\u00e9ves vous attend \u00e0 Marrakech | Citystar\" \/>\n<meta property=\"og:description\" content=\"Investissez dans une villa de luxe \u00e0 vendre \u00e0 Marrakech, au Maroc, avec Citystar. Profitez d&#039;un design exclusif, d&#039;\u00e9quipements haut de gamme, 5 suites, salle de jeux et d&#039;une piscine de 12 m x 5 m vers route de F\u00e8s\" \/>\n<meta property=\"og:url\" content=\"https:\/\/www.citystar.ma\/fr\/visite-360\/\" \/>\n<meta property=\"og:site_name\" content=\"CITY STAR\" \/>\n<meta property=\"article:modified_time\" content=\"2025-05-16T09:33:28+00:00\" \/>\n<meta name=\"twitter:card\" content=\"summary_large_image\" \/>\n<meta name=\"twitter:label1\" content=\"Dur\u00e9e de lecture estim\u00e9e\" \/>\n\t<meta name=\"twitter:data1\" content=\"1 minute\" \/>\n<script type=\"application\/ld+json\" class=\"yoast-schema-graph\">{\"@context\":\"https:\/\/schema.org\",\"@graph\":[{\"@type\":\"WebPage\",\"@id\":\"https:\/\/www.citystar.ma\/fr\/visite-360\/\",\"url\":\"https:\/\/www.citystar.ma\/fr\/visite-360\/\",\"name\":\"Villa de luxe \u00e0 Marrakech \u00e0 vendre, bonne opportunit\u00e9 immobili\u00e8re de luxe | Citystar\",\"isPartOf\":{\"@id\":\"https:\/\/www.citystar.ma\/fr\/#website\"},\"datePublished\":\"2025-01-09T23:06:05+00:00\",\"dateModified\":\"2025-05-16T09:33:28+00:00\",\"description\":\"14 villas de luxe \u00e0 vendre \u00e0 Marrakech dans un domaine s\u00e9curis\u00e9 avec piscine & ascenseur vers route de F\u00e8s Km 20\",\"breadcrumb\":{\"@id\":\"https:\/\/www.citystar.ma\/fr\/visite-360\/#breadcrumb\"},\"inLanguage\":\"fr-FR\",\"potentialAction\":[{\"@type\":\"ReadAction\",\"target\":[\"https:\/\/www.citystar.ma\/fr\/visite-360\/\"]}]},{\"@type\":\"BreadcrumbList\",\"@id\":\"https:\/\/www.citystar.ma\/fr\/visite-360\/#breadcrumb\",\"itemListElement\":[{\"@type\":\"ListItem\",\"position\":1,\"name\":\"Accueil\",\"item\":\"https:\/\/www.citystar.ma\/fr\/\"},{\"@type\":\"ListItem\",\"position\":2,\"name\":\"VISITE 360\u00b0\"}]},{\"@type\":\"WebSite\",\"@id\":\"https:\/\/www.citystar.ma\/fr\/#website\",\"url\":\"https:\/\/www.citystar.ma\/fr\/\",\"name\":\"CITY STAR\",\"description\":\"city-star\",\"publisher\":{\"@id\":\"https:\/\/www.citystar.ma\/fr\/#organization\"},\"potentialAction\":[{\"@type\":\"SearchAction\",\"target\":{\"@type\":\"EntryPoint\",\"urlTemplate\":\"https:\/\/www.citystar.ma\/fr\/?s={search_term_string}\"},\"query-input\":{\"@type\":\"PropertyValueSpecification\",\"valueRequired\":true,\"valueName\":\"search_term_string\"}}],\"inLanguage\":\"fr-FR\"},{\"@type\":\"Organization\",\"@id\":\"https:\/\/www.citystar.ma\/fr\/#organization\",\"name\":\"CITY STAR\",\"url\":\"https:\/\/www.citystar.ma\/fr\/\",\"logo\":{\"@type\":\"ImageObject\",\"inLanguage\":\"fr-FR\",\"@id\":\"https:\/\/www.citystar.ma\/fr\/#\/schema\/logo\/image\/\",\"url\":\"https:\/\/www.citystar.ma\/fr\/wp-content\/uploads\/2024\/12\/cropped-logo-citystar.png\",\"contentUrl\":\"https:\/\/www.citystar.ma\/fr\/wp-content\/uploads\/2024\/12\/cropped-logo-citystar.png\",\"width\":161,\"height\":215,\"caption\":\"CITY STAR\"},\"image\":{\"@id\":\"https:\/\/www.citystar.ma\/fr\/#\/schema\/logo\/image\/\"}}]}<\/script>\n<!-- \/ Yoast SEO plugin. -->","yoast_head_json":{"title":"Villa de luxe \u00e0 Marrakech \u00e0 vendre, bonne opportunit\u00e9 immobili\u00e8re de luxe | Citystar","description":"14 villas de luxe \u00e0 vendre \u00e0 Marrakech dans un domaine s\u00e9curis\u00e9 avec piscine & ascenseur vers route de F\u00e8s Km 20","robots":{"index":"index","follow":"follow","max-snippet":"max-snippet:-1","max-image-preview":"max-image-preview:large","max-video-preview":"max-video-preview:-1"},"canonical":"https:\/\/www.citystar.ma\/fr\/visite-360\/","og_locale":"fr_FR","og_type":"article","og_title":"Villa de luxe de vos r\u00e9ves vous attend \u00e0 Marrakech | Citystar","og_description":"Investissez dans une villa de luxe \u00e0 vendre \u00e0 Marrakech, au Maroc, avec Citystar. Profitez d'un design exclusif, d'\u00e9quipements haut de gamme, 5 suites, salle de jeux et d'une piscine de 12 m x 5 m vers route de F\u00e8s","og_url":"https:\/\/www.citystar.ma\/fr\/visite-360\/","og_site_name":"CITY STAR","article_modified_time":"2025-05-16T09:33:28+00:00","twitter_card":"summary_large_image","twitter_misc":{"Dur\u00e9e de lecture estim\u00e9e":"1 minute"},"schema":{"@context":"https:\/\/schema.org","@graph":[{"@type":"WebPage","@id":"https:\/\/www.citystar.ma\/fr\/visite-360\/","url":"https:\/\/www.citystar.ma\/fr\/visite-360\/","name":"Villa de luxe \u00e0 Marrakech \u00e0 vendre, bonne opportunit\u00e9 immobili\u00e8re de luxe | Citystar","isPartOf":{"@id":"https:\/\/www.citystar.ma\/fr\/#website"},"datePublished":"2025-01-09T23:06:05+00:00","dateModified":"2025-05-16T09:33:28+00:00","description":"14 villas de luxe \u00e0 vendre \u00e0 Marrakech dans un domaine s\u00e9curis\u00e9 avec piscine & ascenseur vers route de F\u00e8s Km 20","breadcrumb":{"@id":"https:\/\/www.citystar.ma\/fr\/visite-360\/#breadcrumb"},"inLanguage":"fr-FR","potentialAction":[{"@type":"ReadAction","target":["https:\/\/www.citystar.ma\/fr\/visite-360\/"]}]},{"@type":"BreadcrumbList","@id":"https:\/\/www.citystar.ma\/fr\/visite-360\/#breadcrumb","itemListElement":[{"@type":"ListItem","position":1,"name":"Accueil","item":"https:\/\/www.citystar.ma\/fr\/"},{"@type":"ListItem","position":2,"name":"VISITE 360\u00b0"}]},{"@type":"WebSite","@id":"https:\/\/www.citystar.ma\/fr\/#website","url":"https:\/\/www.citystar.ma\/fr\/","name":"CITY STAR","description":"city-star","publisher":{"@id":"https:\/\/www.citystar.ma\/fr\/#organization"},"potentialAction":[{"@type":"SearchAction","target":{"@type":"EntryPoint","urlTemplate":"https:\/\/www.citystar.ma\/fr\/?s={search_term_string}"},"query-input":{"@type":"PropertyValueSpecification","valueRequired":true,"valueName":"search_term_string"}}],"inLanguage":"fr-FR"},{"@type":"Organization","@id":"https:\/\/www.citystar.ma\/fr\/#organization","name":"CITY STAR","url":"https:\/\/www.citystar.ma\/fr\/","logo":{"@type":"ImageObject","inLanguage":"fr-FR","@id":"https:\/\/www.citystar.ma\/fr\/#\/schema\/logo\/image\/","url":"https:\/\/www.citystar.ma\/fr\/wp-content\/uploads\/2024\/12\/cropped-logo-citystar.png","contentUrl":"https:\/\/www.citystar.ma\/fr\/wp-content\/uploads\/2024\/12\/cropped-logo-citystar.png","width":161,"height":215,"caption":"CITY STAR"},"image":{"@id":"https:\/\/www.citystar.ma\/fr\/#\/schema\/logo\/image\/"}}]}},"_links":{"self":[{"href":"https:\/\/www.citystar.ma\/fr\/wp-json\/wp\/v2\/pages\/4074","targetHints":{"allow":["GET"]}}],"collection":[{"href":"https:\/\/www.citystar.ma\/fr\/wp-json\/wp\/v2\/pages"}],"about":[{"href":"https:\/\/www.citystar.ma\/fr\/wp-json\/wp\/v2\/types\/page"}],"author":[{"embeddable":true,"href":"https:\/\/www.citystar.ma\/fr\/wp-json\/wp\/v2\/users\/1"}],"replies":[{"embeddable":true,"href":"https:\/\/www.citystar.ma\/fr\/wp-json\/wp\/v2\/comments?post=4074"}],"version-history":[{"count":40,"href":"https:\/\/www.citystar.ma\/fr\/wp-json\/wp\/v2\/pages\/4074\/revisions"}],"predecessor-version":[{"id":4976,"href":"https:\/\/www.citystar.ma\/fr\/wp-json\/wp\/v2\/pages\/4074\/revisions\/4976"}],"wp:attachment":[{"href":"https:\/\/www.citystar.ma\/fr\/wp-json\/wp\/v2\/media?parent=4074"}],"curies":[{"name":"wp","href":"https:\/\/api.w.org\/{rel}","templated":true}]}}