{"id":4047,"date":"2025-01-09T16:08:21","date_gmt":"2025-01-09T15:08:21","guid":{"rendered":"http:\/\/ventevillasmarrakech.com\/?page_id=4047"},"modified":"2025-04-15T16:32:16","modified_gmt":"2025-04-15T14:32:16","slug":"temoin-villas-luxe","status":"publish","type":"page","link":"https:\/\/www.citystar.ma\/fr\/temoin-villas-luxe\/","title":{"rendered":"Villa T\u00e9moin"},"content":{"rendered":"\t\t<div data-elementor-type=\"wp-page\" data-elementor-id=\"4047\" class=\"elementor elementor-4047\">\n\t\t\t\t<div class=\"elementor-element elementor-element-ea03201 e-flex e-con-boxed e-con e-parent\" data-id=\"ea03201\" data-element_type=\"container\">\n\t\t\t\t\t<div class=\"e-con-inner\">\n\t\t\t\t<div class=\"elementor-element elementor-element-f3de446 elementor-widget elementor-widget-qi_addons_for_elementor_section_title\" data-id=\"f3de446\" data-element_type=\"widget\" data-widget_type=\"qi_addons_for_elementor_section_title.default\">\n\t\t\t\t<div class=\"elementor-widget-container\">\n\t\t\t\t\t<div class=\"qodef-shortcode qodef-m  qodef-qi-section-title  qodef-decoration--italic  qodef-link--underline-draw qodef-subtitle-icon--left\">\n\t\t\t\t\t\t<h3 class=\"qodef-m-title\">\n\t\tVilla de luxe \u00e0 vendre CityStar\t<\/h3>\n\t\t\t<div class=\"qodef-m-text\"><p style=\"color: gray\"><br \/>Le projet vise \u00e0 construire un complexe r\u00e9sidentiel compos\u00e9 de 14 villas sp\u00e9cialement con\u00e7ues pour r\u00e9pondre aux besoins sp\u00e9cifiques des r\u00e9sidents. Ces villas offriront un environnement s\u00fbr, confortable et accessible \u00e0 tous, en mettant particuli\u00e8rement l\u2019accent sur l\u2019inclusion des personnes ayant des besoins sp\u00e9ciaux et en leur offrant des possibilit\u00e9s d\u2019acc\u00e8s. Le projet comprend trois types de villas diff\u00e9rents, A, B et C, pour r\u00e9pondre aux exigences et pr\u00e9f\u00e9rences des futurs r\u00e9sidents.<\/p><\/div>\n\t<\/div>\n\t\t\t\t<\/div>\n\t\t\t\t<\/div>\n\t\t\t\t\t<\/div>\n\t\t\t\t<\/div>\n\t\t<div class=\"elementor-element elementor-element-40af8ec e-flex e-con-boxed e-con e-parent\" data-id=\"40af8ec\" data-element_type=\"container\">\n\t\t\t\t\t<div class=\"e-con-inner\">\n\t\t\t\t<div class=\"elementor-element elementor-element-7f65896 elementor-widget elementor-widget-hendon_core_video_button\" data-id=\"7f65896\" data-element_type=\"widget\" data-widget_type=\"hendon_core_video_button.default\">\n\t\t\t\t<div class=\"elementor-widget-container\">\n\t\t\t\t\t<div class=\"qodef-shortcode qodef-m  qodef-video-button qodef--has-img\">\n\t    <div class=\"qodef-m-image\">\n\t\t<img fetchpriority=\"high\" decoding=\"async\" width=\"1600\" height=\"900\" src=\"https:\/\/www.citystar.ma\/fr\/wp-content\/uploads\/2025\/04\/villa-de-luxe-a-vendre-marrakech.jpeg\" class=\"attachment-full size-full\" alt=\"Grand vari\u00e9t\u00e9 de villas de luxe \u00e0 vendre \u00e0 Marrakech\" srcset=\"https:\/\/www.citystar.ma\/fr\/wp-content\/uploads\/2025\/04\/villa-de-luxe-a-vendre-marrakech.jpeg 1600w, https:\/\/www.citystar.ma\/fr\/wp-content\/uploads\/2025\/04\/villa-de-luxe-a-vendre-marrakech-300x169.jpeg 300w, https:\/\/www.citystar.ma\/fr\/wp-content\/uploads\/2025\/04\/villa-de-luxe-a-vendre-marrakech-1024x576.jpeg 1024w, https:\/\/www.citystar.ma\/fr\/wp-content\/uploads\/2025\/04\/villa-de-luxe-a-vendre-marrakech-768x432.jpeg 768w, https:\/\/www.citystar.ma\/fr\/wp-content\/uploads\/2025\/04\/villa-de-luxe-a-vendre-marrakech-1536x864.jpeg 1536w\" sizes=\"(max-width: 1600px) 100vw, 1600px\" \/>    <\/div>\n\t\n\t<a itemprop=\"url\" class=\"qodef-m-play qodef-magnific-popup qodef-popup-item\" href=\"https:\/\/www.youtube.com\/watch?v=yK4ZxoDU-E0&#038;t=2s\" data-type=\"iframe\">\n\t\t<span class=\"qodef-m-play-inner\">\n            <svg version=\"1.1\" xmlns=\"http:\/\/www.w3.org\/2000\/svg\" xmlns:xlink=\"http:\/\/www.w3.org\/1999\/xlink\" x=\"0px\" y=\"0px\"\n                 width=\"110px\" height=\"110px\" viewBox=\"0 0 110 110\" enable-background=\"new 0 0 110 110\" xml:space=\"preserve\">\n            <circle fill=\"#FFFFFF\" cx=\"55.077\" cy=\"55.533\" r=\"50\"\/>\n            <polygon fill=\"#C28562\" points=\"51.073,65.258 63.081,55.641 51.073,45.809 \"\/>\n            <circle opacity=\"0.5\" fill=\"none\" stroke=\"#C28562\" cx=\"50%\" cy=\"50%\" r=\"42%\"><\/circle>\n            <circle fill=\"none\" stroke=\"#C28562\" cx=\"50%\" cy=\"50%\" r=\"42%\"><\/circle>\n            <\/svg>\n\t\t<\/span>\n\t<\/a>\n<\/div>\t\t\t\t<\/div>\n\t\t\t\t<\/div>\n\t\t\t\t\t<\/div>\n\t\t\t\t<\/div>\n\t\t\t\t<\/div>\n\t\t","protected":false},"excerpt":{"rendered":"<p>Villa de luxe \u00e0 vendre CityStar Le projet vise \u00e0 construire un complexe r\u00e9sidentiel compos\u00e9 de 14 villas sp\u00e9cialement con\u00e7ues pour r\u00e9pondre aux besoins sp\u00e9cifiques des r\u00e9sidents. Ces villas offriront un environnement s\u00fbr, confortable et accessible \u00e0 tous, en mettant particuli\u00e8rement l\u2019accent sur l\u2019inclusion des personnes ayant des besoins sp\u00e9ciaux et en leur offrant des [&hellip;]<\/p>\n","protected":false},"author":1,"featured_media":0,"parent":0,"menu_order":0,"comment_status":"closed","ping_status":"closed","template":"page-full-width.php","meta":{"footnotes":""},"class_list":["post-4047","page","type-page","status-publish","hentry"],"yoast_head":"<!-- This site is optimized with the Yoast SEO plugin v24.6 - https:\/\/yoast.com\/wordpress\/plugins\/seo\/ -->\n<title>Villa de luxe \u00e0 vendre de 2000m \u00e0 Marrakech avec piscine | CITYSTAR<\/title>\n<meta name=\"description\" content=\"D\u00e9couvrez cette magnifique villa isol\u00e9e \u00e0 vendre \u00e0 35 minutes de Jemaa el-Fna, dans une r\u00e9sidence de luxe \u00e0 Marrakech. 5 chambres avec dressing et salle de bain, piscine priv\u00e9e et jardin spacieux.\" \/>\n<meta name=\"robots\" content=\"index, follow, max-snippet:-1, max-image-preview:large, max-video-preview:-1\" \/>\n<link rel=\"canonical\" href=\"https:\/\/www.citystar.ma\/fr\/temoin-villas-luxe\/\" \/>\n<meta property=\"og:locale\" content=\"fr_FR\" \/>\n<meta property=\"og:type\" content=\"article\" \/>\n<meta property=\"og:title\" content=\"Villa de luxe \u00e0 vendre \u00e0 Marrakech ,5 Chambre, Piscine | CITYSTAR\" \/>\n<meta property=\"og:description\" content=\"Offrez-vous cette villa isol\u00e9e de 2000 m\u00b2 \u00e0 Marrakech, situ\u00e9e dans une r\u00e9sidence de luxe \u00e0 35 minutes de Jemaa el-Fna \u00e0 vendre, avec 5 chambres spacieuses, salle de jeux, piscine priv\u00e9e et jardin.\" \/>\n<meta property=\"og:url\" content=\"https:\/\/www.citystar.ma\/fr\/temoin-villas-luxe\/\" \/>\n<meta property=\"og:site_name\" content=\"CITY STAR\" \/>\n<meta property=\"article:modified_time\" content=\"2025-04-15T14:32:16+00:00\" \/>\n<meta property=\"og:image\" content=\"https:\/\/www.citystar.ma\/fr\/wp-content\/uploads\/2025\/04\/villa-de-luxe-a-vendre-marrakech.jpeg\" \/>\n<meta name=\"twitter:card\" content=\"summary_large_image\" \/>\n<meta name=\"twitter:label1\" content=\"Dur\u00e9e de lecture estim\u00e9e\" \/>\n\t<meta name=\"twitter:data1\" content=\"1 minute\" \/>\n<script type=\"application\/ld+json\" class=\"yoast-schema-graph\">{\"@context\":\"https:\/\/schema.org\",\"@graph\":[{\"@type\":\"WebPage\",\"@id\":\"https:\/\/www.citystar.ma\/fr\/temoin-villas-luxe\/\",\"url\":\"https:\/\/www.citystar.ma\/fr\/temoin-villas-luxe\/\",\"name\":\"Villa de luxe \u00e0 vendre de 2000m \u00e0 Marrakech avec piscine | CITYSTAR\",\"isPartOf\":{\"@id\":\"https:\/\/www.citystar.ma\/fr\/#website\"},\"primaryImageOfPage\":{\"@id\":\"https:\/\/www.citystar.ma\/fr\/temoin-villas-luxe\/#primaryimage\"},\"image\":{\"@id\":\"https:\/\/www.citystar.ma\/fr\/temoin-villas-luxe\/#primaryimage\"},\"thumbnailUrl\":\"https:\/\/www.citystar.ma\/fr\/wp-content\/uploads\/2025\/04\/villa-de-luxe-a-vendre-marrakech.jpeg\",\"datePublished\":\"2025-01-09T15:08:21+00:00\",\"dateModified\":\"2025-04-15T14:32:16+00:00\",\"description\":\"D\u00e9couvrez cette magnifique villa isol\u00e9e \u00e0 vendre \u00e0 35 minutes de Jemaa el-Fna, dans une r\u00e9sidence de luxe \u00e0 Marrakech. 5 chambres avec dressing et salle de bain, piscine priv\u00e9e et jardin spacieux.\",\"breadcrumb\":{\"@id\":\"https:\/\/www.citystar.ma\/fr\/temoin-villas-luxe\/#breadcrumb\"},\"inLanguage\":\"fr-FR\",\"potentialAction\":[{\"@type\":\"ReadAction\",\"target\":[\"https:\/\/www.citystar.ma\/fr\/temoin-villas-luxe\/\"]}]},{\"@type\":\"ImageObject\",\"inLanguage\":\"fr-FR\",\"@id\":\"https:\/\/www.citystar.ma\/fr\/temoin-villas-luxe\/#primaryimage\",\"url\":\"https:\/\/www.citystar.ma\/fr\/wp-content\/uploads\/2025\/04\/villa-de-luxe-a-vendre-marrakech.jpeg\",\"contentUrl\":\"https:\/\/www.citystar.ma\/fr\/wp-content\/uploads\/2025\/04\/villa-de-luxe-a-vendre-marrakech.jpeg\",\"width\":1600,\"height\":900,\"caption\":\"Grand vari\u00e9t\u00e9 de villas de luxe \u00e0 vendre \u00e0 Marrakech\"},{\"@type\":\"BreadcrumbList\",\"@id\":\"https:\/\/www.citystar.ma\/fr\/temoin-villas-luxe\/#breadcrumb\",\"itemListElement\":[{\"@type\":\"ListItem\",\"position\":1,\"name\":\"Accueil\",\"item\":\"https:\/\/www.citystar.ma\/fr\/\"},{\"@type\":\"ListItem\",\"position\":2,\"name\":\"Villa T\u00e9moin\"}]},{\"@type\":\"WebSite\",\"@id\":\"https:\/\/www.citystar.ma\/fr\/#website\",\"url\":\"https:\/\/www.citystar.ma\/fr\/\",\"name\":\"CITY STAR\",\"description\":\"city-star\",\"publisher\":{\"@id\":\"https:\/\/www.citystar.ma\/fr\/#organization\"},\"potentialAction\":[{\"@type\":\"SearchAction\",\"target\":{\"@type\":\"EntryPoint\",\"urlTemplate\":\"https:\/\/www.citystar.ma\/fr\/?s={search_term_string}\"},\"query-input\":{\"@type\":\"PropertyValueSpecification\",\"valueRequired\":true,\"valueName\":\"search_term_string\"}}],\"inLanguage\":\"fr-FR\"},{\"@type\":\"Organization\",\"@id\":\"https:\/\/www.citystar.ma\/fr\/#organization\",\"name\":\"CITY STAR\",\"url\":\"https:\/\/www.citystar.ma\/fr\/\",\"logo\":{\"@type\":\"ImageObject\",\"inLanguage\":\"fr-FR\",\"@id\":\"https:\/\/www.citystar.ma\/fr\/#\/schema\/logo\/image\/\",\"url\":\"https:\/\/www.citystar.ma\/fr\/wp-content\/uploads\/2024\/12\/cropped-logo-citystar.png\",\"contentUrl\":\"https:\/\/www.citystar.ma\/fr\/wp-content\/uploads\/2024\/12\/cropped-logo-citystar.png\",\"width\":161,\"height\":215,\"caption\":\"CITY STAR\"},\"image\":{\"@id\":\"https:\/\/www.citystar.ma\/fr\/#\/schema\/logo\/image\/\"}}]}<\/script>\n<!-- \/ Yoast SEO plugin. -->","yoast_head_json":{"title":"Villa de luxe \u00e0 vendre de 2000m \u00e0 Marrakech avec piscine | CITYSTAR","description":"D\u00e9couvrez cette magnifique villa isol\u00e9e \u00e0 vendre \u00e0 35 minutes de Jemaa el-Fna, dans une r\u00e9sidence de luxe \u00e0 Marrakech. 5 chambres avec dressing et salle de bain, piscine priv\u00e9e et jardin spacieux.","robots":{"index":"index","follow":"follow","max-snippet":"max-snippet:-1","max-image-preview":"max-image-preview:large","max-video-preview":"max-video-preview:-1"},"canonical":"https:\/\/www.citystar.ma\/fr\/temoin-villas-luxe\/","og_locale":"fr_FR","og_type":"article","og_title":"Villa de luxe \u00e0 vendre \u00e0 Marrakech ,5 Chambre, Piscine | CITYSTAR","og_description":"Offrez-vous cette villa isol\u00e9e de 2000 m\u00b2 \u00e0 Marrakech, situ\u00e9e dans une r\u00e9sidence de luxe \u00e0 35 minutes de Jemaa el-Fna \u00e0 vendre, avec 5 chambres spacieuses, salle de jeux, piscine priv\u00e9e et jardin.","og_url":"https:\/\/www.citystar.ma\/fr\/temoin-villas-luxe\/","og_site_name":"CITY STAR","article_modified_time":"2025-04-15T14:32:16+00:00","og_image":[{"url":"https:\/\/www.citystar.ma\/fr\/wp-content\/uploads\/2025\/04\/villa-de-luxe-a-vendre-marrakech.jpeg","type":"","width":"","height":""}],"twitter_card":"summary_large_image","twitter_misc":{"Dur\u00e9e de lecture estim\u00e9e":"1 minute"},"schema":{"@context":"https:\/\/schema.org","@graph":[{"@type":"WebPage","@id":"https:\/\/www.citystar.ma\/fr\/temoin-villas-luxe\/","url":"https:\/\/www.citystar.ma\/fr\/temoin-villas-luxe\/","name":"Villa de luxe \u00e0 vendre de 2000m \u00e0 Marrakech avec piscine | CITYSTAR","isPartOf":{"@id":"https:\/\/www.citystar.ma\/fr\/#website"},"primaryImageOfPage":{"@id":"https:\/\/www.citystar.ma\/fr\/temoin-villas-luxe\/#primaryimage"},"image":{"@id":"https:\/\/www.citystar.ma\/fr\/temoin-villas-luxe\/#primaryimage"},"thumbnailUrl":"https:\/\/www.citystar.ma\/fr\/wp-content\/uploads\/2025\/04\/villa-de-luxe-a-vendre-marrakech.jpeg","datePublished":"2025-01-09T15:08:21+00:00","dateModified":"2025-04-15T14:32:16+00:00","description":"D\u00e9couvrez cette magnifique villa isol\u00e9e \u00e0 vendre \u00e0 35 minutes de Jemaa el-Fna, dans une r\u00e9sidence de luxe \u00e0 Marrakech. 5 chambres avec dressing et salle de bain, piscine priv\u00e9e et jardin spacieux.","breadcrumb":{"@id":"https:\/\/www.citystar.ma\/fr\/temoin-villas-luxe\/#breadcrumb"},"inLanguage":"fr-FR","potentialAction":[{"@type":"ReadAction","target":["https:\/\/www.citystar.ma\/fr\/temoin-villas-luxe\/"]}]},{"@type":"ImageObject","inLanguage":"fr-FR","@id":"https:\/\/www.citystar.ma\/fr\/temoin-villas-luxe\/#primaryimage","url":"https:\/\/www.citystar.ma\/fr\/wp-content\/uploads\/2025\/04\/villa-de-luxe-a-vendre-marrakech.jpeg","contentUrl":"https:\/\/www.citystar.ma\/fr\/wp-content\/uploads\/2025\/04\/villa-de-luxe-a-vendre-marrakech.jpeg","width":1600,"height":900,"caption":"Grand vari\u00e9t\u00e9 de villas de luxe \u00e0 vendre \u00e0 Marrakech"},{"@type":"BreadcrumbList","@id":"https:\/\/www.citystar.ma\/fr\/temoin-villas-luxe\/#breadcrumb","itemListElement":[{"@type":"ListItem","position":1,"name":"Accueil","item":"https:\/\/www.citystar.ma\/fr\/"},{"@type":"ListItem","position":2,"name":"Villa T\u00e9moin"}]},{"@type":"WebSite","@id":"https:\/\/www.citystar.ma\/fr\/#website","url":"https:\/\/www.citystar.ma\/fr\/","name":"CITY STAR","description":"city-star","publisher":{"@id":"https:\/\/www.citystar.ma\/fr\/#organization"},"potentialAction":[{"@type":"SearchAction","target":{"@type":"EntryPoint","urlTemplate":"https:\/\/www.citystar.ma\/fr\/?s={search_term_string}"},"query-input":{"@type":"PropertyValueSpecification","valueRequired":true,"valueName":"search_term_string"}}],"inLanguage":"fr-FR"},{"@type":"Organization","@id":"https:\/\/www.citystar.ma\/fr\/#organization","name":"CITY STAR","url":"https:\/\/www.citystar.ma\/fr\/","logo":{"@type":"ImageObject","inLanguage":"fr-FR","@id":"https:\/\/www.citystar.ma\/fr\/#\/schema\/logo\/image\/","url":"https:\/\/www.citystar.ma\/fr\/wp-content\/uploads\/2024\/12\/cropped-logo-citystar.png","contentUrl":"https:\/\/www.citystar.ma\/fr\/wp-content\/uploads\/2024\/12\/cropped-logo-citystar.png","width":161,"height":215,"caption":"CITY STAR"},"image":{"@id":"https:\/\/www.citystar.ma\/fr\/#\/schema\/logo\/image\/"}}]}},"_links":{"self":[{"href":"https:\/\/www.citystar.ma\/fr\/wp-json\/wp\/v2\/pages\/4047","targetHints":{"allow":["GET"]}}],"collection":[{"href":"https:\/\/www.citystar.ma\/fr\/wp-json\/wp\/v2\/pages"}],"about":[{"href":"https:\/\/www.citystar.ma\/fr\/wp-json\/wp\/v2\/types\/page"}],"author":[{"embeddable":true,"href":"https:\/\/www.citystar.ma\/fr\/wp-json\/wp\/v2\/users\/1"}],"replies":[{"embeddable":true,"href":"https:\/\/www.citystar.ma\/fr\/wp-json\/wp\/v2\/comments?post=4047"}],"version-history":[{"count":23,"href":"https:\/\/www.citystar.ma\/fr\/wp-json\/wp\/v2\/pages\/4047\/revisions"}],"predecessor-version":[{"id":4753,"href":"https:\/\/www.citystar.ma\/fr\/wp-json\/wp\/v2\/pages\/4047\/revisions\/4753"}],"wp:attachment":[{"href":"https:\/\/www.citystar.ma\/fr\/wp-json\/wp\/v2\/media?parent=4047"}],"curies":[{"name":"wp","href":"https:\/\/api.w.org\/{rel}","templated":true}]}}