{"id":2133,"date":"2020-05-28T09:03:03","date_gmt":"2020-05-28T09:03:03","guid":{"rendered":"https:\/\/hendon.qodeinteractive.com\/?page_id=2133"},"modified":"2025-04-23T15:16:53","modified_gmt":"2025-04-23T13:16:53","slug":"villas","status":"publish","type":"page","link":"https:\/\/www.citystar.ma\/fr\/villas-luxe\/","title":{"rendered":"Les Villas"},"content":{"rendered":"\t\t<div data-elementor-type=\"wp-page\" data-elementor-id=\"2133\" class=\"elementor elementor-2133\">\n\t\t\t\t<div class=\"elementor-element elementor-element-732dee6 e-flex e-con-boxed e-con e-parent\" data-id=\"732dee6\" data-element_type=\"container\">\n\t\t\t\t\t<div class=\"e-con-inner\">\n\t\t<div class=\"elementor-element elementor-element-36782c9 e-flex e-con-boxed e-con e-child\" data-id=\"36782c9\" data-element_type=\"container\">\n\t\t\t\t\t<div class=\"e-con-inner\">\n\t\t<div class=\"elementor-element elementor-element-a424755 e-con-full e-flex e-con e-child\" data-id=\"a424755\" data-element_type=\"container\">\n\t\t<div class=\"elementor-element elementor-element-4394320 e-con-full e-flex e-con e-child\" data-id=\"4394320\" data-element_type=\"container\">\n\t\t\t\t<div class=\"elementor-element elementor-element-2019e0b animated-fast elementor-invisible elementor-widget elementor-widget-image\" data-id=\"2019e0b\" data-element_type=\"widget\" data-settings=\"{&quot;_animation&quot;:&quot;fadeIn&quot;,&quot;_animation_delay&quot;:200}\" data-widget_type=\"image.default\">\n\t\t\t\t<div class=\"elementor-widget-container\">\n\t\t\t\t\t\t\t\t\t\t\t\t\t\t\t\t<a href=\"https:\/\/www.citystar.ma\/fr\/villas-luxe\/type-a\/\">\n\t\t\t\t\t\t\t<img fetchpriority=\"high\" decoding=\"async\" width=\"650\" height=\"900\" src=\"https:\/\/www.citystar.ma\/fr\/wp-content\/uploads\/2025\/04\/villa-marrakech-a-vendre-citystar-650x900.jpeg\" class=\"attachment-qi_addons_for_elementor_image_size_portrait size-qi_addons_for_elementor_image_size_portrait wp-image-4807\" alt=\"Villas de luxe \u00e0 vendre \u00e0 Marrakech pour un confort in\u00e9gal\u00e9\" \/>\t\t\t\t\t\t\t\t<\/a>\n\t\t\t\t\t\t\t\t\t\t\t\t\t\t\t<\/div>\n\t\t\t\t<\/div>\n\t\t\t\t<div class=\"elementor-element elementor-element-8367586 elementor-widget elementor-widget-heading\" data-id=\"8367586\" data-element_type=\"widget\" data-widget_type=\"heading.default\">\n\t\t\t\t<div class=\"elementor-widget-container\">\n\t\t\t\t\t<h3 class=\"elementor-heading-title elementor-size-default\"><a href=\"https:\/\/www.citystar.ma\/fr\/villas-luxe\/type-a\/\">Villa de Luxe Type A <\/a><\/h3>\t\t\t\t<\/div>\n\t\t\t\t<\/div>\n\t\t\t\t<div class=\"elementor-element elementor-element-28e64f1 elementor-widget elementor-widget-text-editor\" data-id=\"28e64f1\" data-element_type=\"widget\" data-widget_type=\"text-editor.default\">\n\t\t\t\t<div class=\"elementor-widget-container\">\n\t\t\t\t\t\t\t\t\t<p>Con\u00e7ue pour les r\u00e9sidents \u00e0 mobilit\u00e9 r\u00e9duite ayant besoin d&rsquo;\u00e9quipements sp\u00e9cifiques tels que des ascenseurs, des salles de bains \u00e0 acc\u00e8s facile et des espaces int\u00e9rieurs spacieux pour la circulation des fauteuils roulants.<\/p>\t\t\t\t\t\t\t\t<\/div>\n\t\t\t\t<\/div>\n\t\t\t\t<div class=\"elementor-element elementor-element-dd49cc0 elementor-widget elementor-widget-text-editor\" data-id=\"dd49cc0\" data-element_type=\"widget\" data-widget_type=\"text-editor.default\">\n\t\t\t\t<div class=\"elementor-widget-container\">\n\t\t\t\t\t\t\t\t\t<p><a style=\"color: #d1b786;\" href=\"https:\/\/www.citystar.ma\/fr\/villas-luxe\/type-a\/\">VOIR PLUS<\/a><\/p>\t\t\t\t\t\t\t\t<\/div>\n\t\t\t\t<\/div>\n\t\t\t\t<\/div>\n\t\t<div class=\"elementor-element elementor-element-fef35eb e-con-full e-flex e-con e-child\" data-id=\"fef35eb\" data-element_type=\"container\">\n\t\t\t\t<div class=\"elementor-element elementor-element-950be51 animated-fast elementor-invisible elementor-widget elementor-widget-image\" data-id=\"950be51\" data-element_type=\"widget\" data-settings=\"{&quot;_animation&quot;:&quot;fadeIn&quot;,&quot;_animation_delay&quot;:400}\" data-widget_type=\"image.default\">\n\t\t\t\t<div class=\"elementor-widget-container\">\n\t\t\t\t\t\t\t\t\t\t\t\t\t\t\t\t<a href=\"https:\/\/www.citystar.ma\/fr\/villas-luxe\/type-b\/\">\n\t\t\t\t\t\t\t<img decoding=\"async\" width=\"650\" height=\"900\" src=\"https:\/\/www.citystar.ma\/fr\/wp-content\/uploads\/2025\/04\/villa-marrakech-a-vendre-citystar-1-650x900.jpeg\" class=\"attachment-qi_addons_for_elementor_image_size_portrait size-qi_addons_for_elementor_image_size_portrait wp-image-4809\" alt=\"\" \/>\t\t\t\t\t\t\t\t<\/a>\n\t\t\t\t\t\t\t\t\t\t\t\t\t\t\t<\/div>\n\t\t\t\t<\/div>\n\t\t\t\t<div class=\"elementor-element elementor-element-8c26788 elementor-widget elementor-widget-heading\" data-id=\"8c26788\" data-element_type=\"widget\" data-widget_type=\"heading.default\">\n\t\t\t\t<div class=\"elementor-widget-container\">\n\t\t\t\t\t<h3 class=\"elementor-heading-title elementor-size-default\"><a href=\"https:\/\/www.citystar.ma\/fr\/villas-luxe\/type-b\/\">Villa de Luxe Type b<\/a><\/h3>\t\t\t\t<\/div>\n\t\t\t\t<\/div>\n\t\t\t\t<div class=\"elementor-element elementor-element-f0c3646 elementor-widget elementor-widget-text-editor\" data-id=\"f0c3646\" data-element_type=\"widget\" data-widget_type=\"text-editor.default\">\n\t\t\t\t<div class=\"elementor-widget-container\">\n\t\t\t\t\t\t\t\t\t<p>Adapt\u00e9es aux r\u00e9sidents exigeants. Nous nous appuierons sur les normes architecturales les plus \u00e9lev\u00e9es en utilisant des mat\u00e9riaux de haute qualit\u00e9 et une conception intelligente.<\/p>\t\t\t\t\t\t\t\t<\/div>\n\t\t\t\t<\/div>\n\t\t\t\t<div class=\"elementor-element elementor-element-7ba0708 elementor-widget elementor-widget-text-editor\" data-id=\"7ba0708\" data-element_type=\"widget\" data-widget_type=\"text-editor.default\">\n\t\t\t\t<div class=\"elementor-widget-container\">\n\t\t\t\t\t\t\t\t\t<p><a style=\"color: #d1b786;\" href=\"https:\/\/www.citystar.ma\/fr\/villas-luxe\/type-b\/\">VOIR PLUS<\/a><\/p>\t\t\t\t\t\t\t\t<\/div>\n\t\t\t\t<\/div>\n\t\t\t\t<\/div>\n\t\t<div class=\"elementor-element elementor-element-4e0a1f1 e-con-full e-flex e-con e-child\" data-id=\"4e0a1f1\" data-element_type=\"container\">\n\t\t\t\t<div class=\"elementor-element elementor-element-43e5bcb animated-fast elementor-invisible elementor-widget elementor-widget-image\" data-id=\"43e5bcb\" data-element_type=\"widget\" data-settings=\"{&quot;_animation&quot;:&quot;fadeIn&quot;,&quot;_animation_delay&quot;:600}\" data-widget_type=\"image.default\">\n\t\t\t\t<div class=\"elementor-widget-container\">\n\t\t\t\t\t\t\t\t\t\t\t\t\t\t\t\t<a href=\"https:\/\/www.citystar.ma\/fr\/villas-luxe\/type-c\/\">\n\t\t\t\t\t\t\t<img decoding=\"async\" width=\"650\" height=\"900\" src=\"https:\/\/www.citystar.ma\/fr\/wp-content\/uploads\/2025\/04\/villa-marrakech-a-vendre-citystar-2-650x900.jpeg\" class=\"attachment-qi_addons_for_elementor_image_size_portrait size-qi_addons_for_elementor_image_size_portrait wp-image-4810\" alt=\"\" \/>\t\t\t\t\t\t\t\t<\/a>\n\t\t\t\t\t\t\t\t\t\t\t\t\t\t\t<\/div>\n\t\t\t\t<\/div>\n\t\t\t\t<div class=\"elementor-element elementor-element-064cefa elementor-widget elementor-widget-heading\" data-id=\"064cefa\" data-element_type=\"widget\" data-widget_type=\"heading.default\">\n\t\t\t\t<div class=\"elementor-widget-container\">\n\t\t\t\t\t<h3 class=\"elementor-heading-title elementor-size-default\"><a href=\"https:\/\/www.citystar.ma\/fr\/villas-luxe\/type-c\/\">Villa de Luxe Type C <\/a><\/h3>\t\t\t\t<\/div>\n\t\t\t\t<\/div>\n\t\t\t\t<div class=\"elementor-element elementor-element-8c1ccbc elementor-widget elementor-widget-text-editor\" data-id=\"8c1ccbc\" data-element_type=\"widget\" data-widget_type=\"text-editor.default\">\n\t\t\t\t<div class=\"elementor-widget-container\">\n\t\t\t\t\t\t\t\t\t<p>Adapt\u00e9es aux r\u00e9sidents exigeants. Nous nous appuierons sur les normes architecturales les plus \u00e9lev\u00e9es en utilisant des mat\u00e9riaux de haute qualit\u00e9 et une conception intelligente.<\/p>\t\t\t\t\t\t\t\t<\/div>\n\t\t\t\t<\/div>\n\t\t\t\t<div class=\"elementor-element elementor-element-f2ceb77 elementor-widget elementor-widget-text-editor\" data-id=\"f2ceb77\" data-element_type=\"widget\" data-widget_type=\"text-editor.default\">\n\t\t\t\t<div class=\"elementor-widget-container\">\n\t\t\t\t\t\t\t\t\t<p><a style=\"color: #d1b786;\" href=\"https:\/\/www.citystar.ma\/fr\/villas-luxe\/type-c\/\">VOIR PLUS<\/a><\/p>\t\t\t\t\t\t\t\t<\/div>\n\t\t\t\t<\/div>\n\t\t\t\t<\/div>\n\t\t\t\t<\/div>\n\t\t\t\t\t<\/div>\n\t\t\t\t<\/div>\n\t\t\t\t\t<\/div>\n\t\t\t\t<\/div>\n\t\t\t\t<\/div>\n\t\t","protected":false},"excerpt":{"rendered":"<p>Villa de Luxe Type A Con\u00e7ue pour les r\u00e9sidents \u00e0 mobilit\u00e9 r\u00e9duite ayant besoin d&rsquo;\u00e9quipements sp\u00e9cifiques tels que des ascenseurs, des salles de bains \u00e0 acc\u00e8s facile et des espaces int\u00e9rieurs spacieux pour la circulation des fauteuils roulants. VOIR PLUS Villa de Luxe Type b Adapt\u00e9es aux r\u00e9sidents exigeants. Nous nous appuierons sur les normes [&hellip;]<\/p>\n","protected":false},"author":1,"featured_media":0,"parent":0,"menu_order":0,"comment_status":"closed","ping_status":"closed","template":"page-full-width.php","meta":{"footnotes":""},"class_list":["post-2133","page","type-page","status-publish","hentry"],"yoast_head":"<!-- This site is optimized with the Yoast SEO plugin v24.6 - https:\/\/yoast.com\/wordpress\/plugins\/seo\/ -->\n<title>Villa spacieuse pr\u00e8s de Marrakech \u00e0 vendre avec jardin et piscine | CITYSTAR<\/title>\n<meta name=\"description\" content=\"Villa bijoux de 2000 m\u00b2 situ\u00e9e \u00e0 moins de 35 minutes de Marrakech, avec 4 \u00e0 5 chambres, un grand jardin, une piscine, nich\u00e9e dans une r\u00e9sidence priv\u00e9e et s\u00e9curis\u00e9e,\" \/>\n<meta name=\"robots\" content=\"index, follow, max-snippet:-1, max-image-preview:large, max-video-preview:-1\" \/>\n<link rel=\"canonical\" href=\"https:\/\/www.citystar.ma\/fr\/villas-luxe\/\" \/>\n<meta property=\"og:locale\" content=\"fr_FR\" \/>\n<meta property=\"og:type\" content=\"article\" \/>\n<meta property=\"og:title\" content=\"Villa de Luxe \u00e0 Marrakech \u00e0 vendre avec 5 Chambres, Bureau, Piscine, Ascenseur | CITYSTAR\" \/>\n<meta property=\"og:description\" content=\"Cette villa moderne \u00e0 Marrakech \u00e0 vendre contient 5 suites+dressing+SDB, bureau, piscine, ascenseur et parking priv\u00e9. Un confort et un style de vie incomparables.\" \/>\n<meta property=\"og:url\" content=\"https:\/\/www.citystar.ma\/fr\/villas-luxe\/\" \/>\n<meta property=\"og:site_name\" content=\"CITY STAR\" \/>\n<meta property=\"article:modified_time\" content=\"2025-04-23T13:16:53+00:00\" \/>\n<meta property=\"og:image\" content=\"https:\/\/www.citystar.ma\/fr\/wp-content\/uploads\/2025\/04\/villa-marrakech-a-vendre-citystar-650x900.jpeg\" \/>\n<meta name=\"twitter:card\" content=\"summary_large_image\" \/>\n<meta name=\"twitter:label1\" content=\"Dur\u00e9e de lecture estim\u00e9e\" \/>\n\t<meta name=\"twitter:data1\" content=\"2 minutes\" \/>\n<script type=\"application\/ld+json\" class=\"yoast-schema-graph\">{\"@context\":\"https:\/\/schema.org\",\"@graph\":[{\"@type\":\"WebPage\",\"@id\":\"https:\/\/www.citystar.ma\/fr\/villas-luxe\/\",\"url\":\"https:\/\/www.citystar.ma\/fr\/villas-luxe\/\",\"name\":\"Villa spacieuse pr\u00e8s de Marrakech \u00e0 vendre avec jardin et piscine | CITYSTAR\",\"isPartOf\":{\"@id\":\"https:\/\/www.citystar.ma\/fr\/#website\"},\"primaryImageOfPage\":{\"@id\":\"https:\/\/www.citystar.ma\/fr\/villas-luxe\/#primaryimage\"},\"image\":{\"@id\":\"https:\/\/www.citystar.ma\/fr\/villas-luxe\/#primaryimage\"},\"thumbnailUrl\":\"https:\/\/www.citystar.ma\/fr\/wp-content\/uploads\/2025\/04\/villa-marrakech-a-vendre-citystar-650x900.jpeg\",\"datePublished\":\"2020-05-28T09:03:03+00:00\",\"dateModified\":\"2025-04-23T13:16:53+00:00\",\"description\":\"Villa bijoux de 2000 m\u00b2 situ\u00e9e \u00e0 moins de 35 minutes de Marrakech, avec 4 \u00e0 5 chambres, un grand jardin, une piscine, nich\u00e9e dans une r\u00e9sidence priv\u00e9e et s\u00e9curis\u00e9e,\",\"breadcrumb\":{\"@id\":\"https:\/\/www.citystar.ma\/fr\/villas-luxe\/#breadcrumb\"},\"inLanguage\":\"fr-FR\",\"potentialAction\":[{\"@type\":\"ReadAction\",\"target\":[\"https:\/\/www.citystar.ma\/fr\/villas-luxe\/\"]}]},{\"@type\":\"ImageObject\",\"inLanguage\":\"fr-FR\",\"@id\":\"https:\/\/www.citystar.ma\/fr\/villas-luxe\/#primaryimage\",\"url\":\"https:\/\/www.citystar.ma\/fr\/wp-content\/uploads\/2025\/04\/villa-marrakech-a-vendre-citystar-650x900.jpeg\",\"contentUrl\":\"https:\/\/www.citystar.ma\/fr\/wp-content\/uploads\/2025\/04\/villa-marrakech-a-vendre-citystar-650x900.jpeg\"},{\"@type\":\"BreadcrumbList\",\"@id\":\"https:\/\/www.citystar.ma\/fr\/villas-luxe\/#breadcrumb\",\"itemListElement\":[{\"@type\":\"ListItem\",\"position\":1,\"name\":\"Accueil\",\"item\":\"https:\/\/www.citystar.ma\/fr\/\"},{\"@type\":\"ListItem\",\"position\":2,\"name\":\"Les Villas\"}]},{\"@type\":\"WebSite\",\"@id\":\"https:\/\/www.citystar.ma\/fr\/#website\",\"url\":\"https:\/\/www.citystar.ma\/fr\/\",\"name\":\"CITY STAR\",\"description\":\"city-star\",\"publisher\":{\"@id\":\"https:\/\/www.citystar.ma\/fr\/#organization\"},\"potentialAction\":[{\"@type\":\"SearchAction\",\"target\":{\"@type\":\"EntryPoint\",\"urlTemplate\":\"https:\/\/www.citystar.ma\/fr\/?s={search_term_string}\"},\"query-input\":{\"@type\":\"PropertyValueSpecification\",\"valueRequired\":true,\"valueName\":\"search_term_string\"}}],\"inLanguage\":\"fr-FR\"},{\"@type\":\"Organization\",\"@id\":\"https:\/\/www.citystar.ma\/fr\/#organization\",\"name\":\"CITY STAR\",\"url\":\"https:\/\/www.citystar.ma\/fr\/\",\"logo\":{\"@type\":\"ImageObject\",\"inLanguage\":\"fr-FR\",\"@id\":\"https:\/\/www.citystar.ma\/fr\/#\/schema\/logo\/image\/\",\"url\":\"https:\/\/www.citystar.ma\/fr\/wp-content\/uploads\/2024\/12\/cropped-logo-citystar.png\",\"contentUrl\":\"https:\/\/www.citystar.ma\/fr\/wp-content\/uploads\/2024\/12\/cropped-logo-citystar.png\",\"width\":161,\"height\":215,\"caption\":\"CITY STAR\"},\"image\":{\"@id\":\"https:\/\/www.citystar.ma\/fr\/#\/schema\/logo\/image\/\"}}]}<\/script>\n<!-- \/ Yoast SEO plugin. -->","yoast_head_json":{"title":"Villa spacieuse pr\u00e8s de Marrakech \u00e0 vendre avec jardin et piscine | CITYSTAR","description":"Villa bijoux de 2000 m\u00b2 situ\u00e9e \u00e0 moins de 35 minutes de Marrakech, avec 4 \u00e0 5 chambres, un grand jardin, une piscine, nich\u00e9e dans une r\u00e9sidence priv\u00e9e et s\u00e9curis\u00e9e,","robots":{"index":"index","follow":"follow","max-snippet":"max-snippet:-1","max-image-preview":"max-image-preview:large","max-video-preview":"max-video-preview:-1"},"canonical":"https:\/\/www.citystar.ma\/fr\/villas-luxe\/","og_locale":"fr_FR","og_type":"article","og_title":"Villa de Luxe \u00e0 Marrakech \u00e0 vendre avec 5 Chambres, Bureau, Piscine, Ascenseur | CITYSTAR","og_description":"Cette villa moderne \u00e0 Marrakech \u00e0 vendre contient 5 suites+dressing+SDB, bureau, piscine, ascenseur et parking priv\u00e9. Un confort et un style de vie incomparables.","og_url":"https:\/\/www.citystar.ma\/fr\/villas-luxe\/","og_site_name":"CITY STAR","article_modified_time":"2025-04-23T13:16:53+00:00","og_image":[{"url":"https:\/\/www.citystar.ma\/fr\/wp-content\/uploads\/2025\/04\/villa-marrakech-a-vendre-citystar-650x900.jpeg","type":"","width":"","height":""}],"twitter_card":"summary_large_image","twitter_misc":{"Dur\u00e9e de lecture estim\u00e9e":"2 minutes"},"schema":{"@context":"https:\/\/schema.org","@graph":[{"@type":"WebPage","@id":"https:\/\/www.citystar.ma\/fr\/villas-luxe\/","url":"https:\/\/www.citystar.ma\/fr\/villas-luxe\/","name":"Villa spacieuse pr\u00e8s de Marrakech \u00e0 vendre avec jardin et piscine | CITYSTAR","isPartOf":{"@id":"https:\/\/www.citystar.ma\/fr\/#website"},"primaryImageOfPage":{"@id":"https:\/\/www.citystar.ma\/fr\/villas-luxe\/#primaryimage"},"image":{"@id":"https:\/\/www.citystar.ma\/fr\/villas-luxe\/#primaryimage"},"thumbnailUrl":"https:\/\/www.citystar.ma\/fr\/wp-content\/uploads\/2025\/04\/villa-marrakech-a-vendre-citystar-650x900.jpeg","datePublished":"2020-05-28T09:03:03+00:00","dateModified":"2025-04-23T13:16:53+00:00","description":"Villa bijoux de 2000 m\u00b2 situ\u00e9e \u00e0 moins de 35 minutes de Marrakech, avec 4 \u00e0 5 chambres, un grand jardin, une piscine, nich\u00e9e dans une r\u00e9sidence priv\u00e9e et s\u00e9curis\u00e9e,","breadcrumb":{"@id":"https:\/\/www.citystar.ma\/fr\/villas-luxe\/#breadcrumb"},"inLanguage":"fr-FR","potentialAction":[{"@type":"ReadAction","target":["https:\/\/www.citystar.ma\/fr\/villas-luxe\/"]}]},{"@type":"ImageObject","inLanguage":"fr-FR","@id":"https:\/\/www.citystar.ma\/fr\/villas-luxe\/#primaryimage","url":"https:\/\/www.citystar.ma\/fr\/wp-content\/uploads\/2025\/04\/villa-marrakech-a-vendre-citystar-650x900.jpeg","contentUrl":"https:\/\/www.citystar.ma\/fr\/wp-content\/uploads\/2025\/04\/villa-marrakech-a-vendre-citystar-650x900.jpeg"},{"@type":"BreadcrumbList","@id":"https:\/\/www.citystar.ma\/fr\/villas-luxe\/#breadcrumb","itemListElement":[{"@type":"ListItem","position":1,"name":"Accueil","item":"https:\/\/www.citystar.ma\/fr\/"},{"@type":"ListItem","position":2,"name":"Les Villas"}]},{"@type":"WebSite","@id":"https:\/\/www.citystar.ma\/fr\/#website","url":"https:\/\/www.citystar.ma\/fr\/","name":"CITY STAR","description":"city-star","publisher":{"@id":"https:\/\/www.citystar.ma\/fr\/#organization"},"potentialAction":[{"@type":"SearchAction","target":{"@type":"EntryPoint","urlTemplate":"https:\/\/www.citystar.ma\/fr\/?s={search_term_string}"},"query-input":{"@type":"PropertyValueSpecification","valueRequired":true,"valueName":"search_term_string"}}],"inLanguage":"fr-FR"},{"@type":"Organization","@id":"https:\/\/www.citystar.ma\/fr\/#organization","name":"CITY STAR","url":"https:\/\/www.citystar.ma\/fr\/","logo":{"@type":"ImageObject","inLanguage":"fr-FR","@id":"https:\/\/www.citystar.ma\/fr\/#\/schema\/logo\/image\/","url":"https:\/\/www.citystar.ma\/fr\/wp-content\/uploads\/2024\/12\/cropped-logo-citystar.png","contentUrl":"https:\/\/www.citystar.ma\/fr\/wp-content\/uploads\/2024\/12\/cropped-logo-citystar.png","width":161,"height":215,"caption":"CITY STAR"},"image":{"@id":"https:\/\/www.citystar.ma\/fr\/#\/schema\/logo\/image\/"}}]}},"_links":{"self":[{"href":"https:\/\/www.citystar.ma\/fr\/wp-json\/wp\/v2\/pages\/2133","targetHints":{"allow":["GET"]}}],"collection":[{"href":"https:\/\/www.citystar.ma\/fr\/wp-json\/wp\/v2\/pages"}],"about":[{"href":"https:\/\/www.citystar.ma\/fr\/wp-json\/wp\/v2\/types\/page"}],"author":[{"embeddable":true,"href":"https:\/\/www.citystar.ma\/fr\/wp-json\/wp\/v2\/users\/1"}],"replies":[{"embeddable":true,"href":"https:\/\/www.citystar.ma\/fr\/wp-json\/wp\/v2\/comments?post=2133"}],"version-history":[{"count":39,"href":"https:\/\/www.citystar.ma\/fr\/wp-json\/wp\/v2\/pages\/2133\/revisions"}],"predecessor-version":[{"id":4813,"href":"https:\/\/www.citystar.ma\/fr\/wp-json\/wp\/v2\/pages\/2133\/revisions\/4813"}],"wp:attachment":[{"href":"https:\/\/www.citystar.ma\/fr\/wp-json\/wp\/v2\/media?parent=2133"}],"curies":[{"name":"wp","href":"https:\/\/api.w.org\/{rel}","templated":true}]}}