{"id":4074,"date":"2025-01-10T00:06:05","date_gmt":"2025-01-09T23:06:05","guid":{"rendered":"http:\/\/ventevillasmarrakech.com\/?page_id=4074"},"modified":"2025-05-19T16:46:32","modified_gmt":"2025-05-19T14:46:32","slug":"%d8%b2%d9%8a%d8%a7%d8%b1%d8%a9-360-%d8%af%d8%b1%d8%ac%d8%a9","status":"publish","type":"page","link":"https:\/\/www.citystar.ma\/ar\/%d8%b2%d9%8a%d8%a7%d8%b1%d8%a9-360-%d8%af%d8%b1%d8%ac%d8%a9\/","title":{"rendered":"\u0632\u064a\u0627\u0631\u0629 360 \u062f\u0631\u062c\u0629"},"content":{"rendered":"\t\t<div data-elementor-type=\"wp-page\" data-elementor-id=\"4074\" class=\"elementor elementor-4074\">\n\t\t\t\t<div class=\"elementor-element elementor-element-aa13aab e-con-full e-flex e-con e-parent\" data-id=\"aa13aab\" data-element_type=\"container\">\n\t\t\t\t<div class=\"elementor-element elementor-element-4085781 elementor-widget__width-initial elementor-widget elementor-widget-heading\" data-id=\"4085781\" data-element_type=\"widget\" data-widget_type=\"heading.default\">\n\t\t\t\t<div class=\"elementor-widget-container\">\n\t\t\t\t\t<h3 class=\"elementor-heading-title elementor-size-default\">\u0632\u064a\u0627\u0631\u0629 360 \u062f\u0631\u062c\u0629<\/h3>\t\t\t\t<\/div>\n\t\t\t\t<\/div>\n\t\t<div class=\"elementor-element elementor-element-faf7853 e-con-full e-flex e-con e-child\" data-id=\"faf7853\" data-element_type=\"container\">\n\t\t<div class=\"elementor-element elementor-element-1d179d2 e-con-full e-flex e-con e-child\" data-id=\"1d179d2\" data-element_type=\"container\">\n\t\t\t\t<div class=\"elementor-element elementor-element-3d70bdc elementor-widget elementor-widget-qi_addons_for_elementor_section_title\" data-id=\"3d70bdc\" data-element_type=\"widget\" data-widget_type=\"qi_addons_for_elementor_section_title.default\">\n\t\t\t\t<div class=\"elementor-widget-container\">\n\t\t\t\t\t<div class=\"qodef-shortcode qodef-m  qodef-qi-section-title  qodef-decoration--italic  qodef-link--underline-draw qodef-subtitle-icon--left\">\n\t\t\t\t<h5 class=\"qodef-m-subtitle\">\n\t\t\u0642\u0645 \u0628\u062c\u0648\u0644\u0629 360 \u062f\u0631\u062c\u0629 \u0641\u064a \u0641\u064a\u0644\u0627\u062a\u0646\u0627\t\t\t<\/h5>\n\t\t\t\t\t<div class=\"qodef-m-text\"><p>\u0627\u0633\u062a\u0643\u0634\u0641 \u0645\u062c\u0645\u0651\u0639\u0646\u0627 \u0627\u0644\u0633\u0643\u0646\u064a \u0645\u0646 \u062e\u0644\u0627\u0644 \u062c\u0648\u0644\u0629 \u0627\u0641\u062a\u0631\u0627\u0636\u064a\u0629 \u062a\u0641\u0627\u0639\u0644\u064a\u0629 \u063a\u0627\u0645\u0631\u0629 \u0648\u062a\u0641\u0627\u0639\u0644\u064a\u0629. \u064a\u062a\u0623\u0644\u0641 \u0627\u0644\u0645\u0634\u0631\u0648\u0639 \u0645\u0646 14 \u0641\u064a\u0644\u0627 \u0645\u0635\u0645\u0645\u0629 \u062e\u0635\u064a\u0635\u0627\u064b \u0644\u062a\u0644\u0628\u064a\u0629 \u0627\u0644\u0627\u062d\u062a\u064a\u0627\u062c\u0627\u062a \u0627\u0644\u0641\u0631\u064a\u062f\u0629 \u0644\u0643\u0644 \u0633\u0627\u0643\u0646\u060c \u0645\u0639 \u062a\u0648\u0641\u064a\u0631 \u0628\u064a\u0626\u0629 \u0622\u0645\u0646\u0629 \u0648\u0645\u0631\u064a\u062d\u0629 \u0648\u0645\u064a\u0633\u0631\u0629 \u0644\u0644\u062c\u0645\u064a\u0639. \u062a\u0645 \u062a\u0635\u0645\u064a\u0645 \u0623\u0646\u0648\u0627\u0639 \u0627\u0644\u0641\u0644\u0644 \u0627\u0644\u062b\u0644\u0627\u062b\u0629\u060c A \u0648 B \u0648 C\u060c \u0644\u062a\u0644\u0628\u064a\u0629 \u0645\u062a\u0637\u0644\u0628\u0627\u062a \u0648\u062a\u0641\u0636\u064a\u0644\u0627\u062a \u0627\u0644\u0645\u0642\u064a\u0645\u064a\u0646<\/p><\/div>\n\t<\/div>\n\t\t\t\t<\/div>\n\t\t\t\t<\/div>\n\t\t\t\t<\/div>\n\t\t\t\t<\/div>\n\t\t\t\t<\/div>\n\t\t<div class=\"elementor-element elementor-element-e2864a0 e-flex e-con-boxed e-con e-parent\" data-id=\"e2864a0\" data-element_type=\"container\">\n\t\t\t\t\t<div class=\"e-con-inner\">\n\t\t\t\t<div class=\"elementor-element elementor-element-019c47d elementor-widget elementor-widget-html\" data-id=\"019c47d\" data-element_type=\"widget\" data-widget_type=\"html.default\">\n\t\t\t\t<div class=\"elementor-widget-container\">\n\t\t\t\t\t<iframe src=\"https:\/\/momento360.com\/e\/u\/d4658634f15c4a3fa6fdb5ef818d3e5a?utm_campaign=embed&utm_source=other&heading=0&pitch=0&field-of-view=75&size=medium&display-plan=true\" \r\n        width=\"100%\" \r\n        height=\"400px\" \r\n        frameborder=\"0\" \r\n        allowfullscreen>\r\n<\/iframe>\r\n\t\t\t\t<\/div>\n\t\t\t\t<\/div>\n\t\t\t\t\t<\/div>\n\t\t\t\t<\/div>\n\t\t<div class=\"elementor-element elementor-element-f7d9ee8 e-con-full e-flex e-con e-child\" data-id=\"f7d9ee8\" data-element_type=\"container\">\n\t\t<div class=\"elementor-element elementor-element-fc0e897 e-con-full e-flex e-con e-child\" data-id=\"fc0e897\" data-element_type=\"container\">\n\t\t\t\t<div class=\"elementor-element elementor-element-b45bcd7 elementor-widget elementor-widget-qi_addons_for_elementor_section_title\" data-id=\"b45bcd7\" data-element_type=\"widget\" data-widget_type=\"qi_addons_for_elementor_section_title.default\">\n\t\t\t\t<div class=\"elementor-widget-container\">\n\t\t\t\t\t<div class=\"qodef-shortcode qodef-m  qodef-qi-section-title  qodef-decoration--italic  qodef-link--underline-draw qodef-subtitle-icon--left\">\n\t\t\t\t<h5 class=\"qodef-m-subtitle\">\n\t\t\u0627\u0643\u062a\u0634\u0641\u0648\u0627 \u0627\u0644\u062a\u0635\u0645\u064a\u0645 \u0627\u0644\u062f\u0627\u062e\u0644\u064a \u0644\u0641\u064a\u0644\u0627\u062a\u0646\u0627 \u0627\u0644\u0641\u0627\u062e\u0631\u0629\t\t\t<\/h5>\n\t\t\t\t\t<div class=\"qodef-m-text\"><p>\u0627\u0646\u063a\u0645\u0633 \u0641\u064a \u062c\u0648\u0644\u0629 \u0627\u0641\u062a\u0631\u0627\u0636\u064a\u0629 \u0628\u0632\u0627\u0648\u064a\u0629 360\u00b0 \u0648\u0627\u0633\u062a\u0643\u0634\u0641 \u0627\u0644\u062a\u0635\u0627\u0645\u064a\u0645 \u0627\u0644\u062f\u0627\u062e\u0644\u064a\u0629 \u0627\u0644\u0631\u0627\u0642\u064a\u0629 \u0644\u0641\u064a\u0644\u0627\u062a\u0646\u0627 \u0627\u0644\u062d\u0635\u0631\u064a\u0629. \u0635\u064f\u0645\u0645\u062a \u0644\u0644\u0631\u0627\u062d\u0629 \u0648\u0627\u0644\u0623\u0646\u0627\u0642\u0629\u060c \u062d\u064a\u062b \u064a\u062a\u0645 \u062a\u0635\u0645\u064a\u0645 \u0643\u0644 \u0645\u0633\u0627\u062d\u0629 \u0628\u0639\u0646\u0627\u064a\u0629 \u0644\u062a\u0644\u0628\u064a\u0629 \u0627\u062d\u062a\u064a\u0627\u062c\u0627\u062a \u0623\u0633\u0644\u0648\u0628 \u062d\u064a\u0627\u062a\u0643. \u0627\u0633\u062a\u0645\u062a\u0639 \u0628\u0627\u0644\u0645\u0632\u064a\u062c \u0627\u0644\u0645\u062b\u0627\u0644\u064a \u0628\u064a\u0646 \u0627\u0644\u0647\u0646\u062f\u0633\u0629 \u0627\u0644\u0645\u0639\u0645\u0627\u0631\u064a\u0629 \u0627\u0644\u062d\u062f\u064a\u062b\u0629 \u0648\u0623\u062c\u0648\u0627\u0621 \u0627\u0644\u0639\u064a\u0634 \u0627\u0644\u062f\u0627\u0641\u0626\u0629.<\/p><\/div>\n\t<\/div>\n\t\t\t\t<\/div>\n\t\t\t\t<\/div>\n\t\t\t\t<\/div>\n\t\t\t\t<\/div>\n\t\t<div class=\"elementor-element elementor-element-98236a5 e-con-full e-flex e-con e-parent\" data-id=\"98236a5\" data-element_type=\"container\">\n\t\t\t\t<div class=\"elementor-element elementor-element-d741df3 elementor-widget elementor-widget-html\" data-id=\"d741df3\" data-element_type=\"widget\" data-widget_type=\"html.default\">\n\t\t\t\t<div class=\"elementor-widget-container\">\n\t\t\t\t\t<iframe\n  id=\"inlineFrameExample\"\n  title=\"Inline Frame Example\"\n  width=\"400\"\n  height=\"400\"\n  src=\"https:\/\/yun.kujiale.com\/design\/3FO3Q2Y4E8CT\/show\">\n<\/iframe>\t\t\t\t<\/div>\n\t\t\t\t<\/div>\n\t\t\t\t<\/div>\n\t\t\t\t<\/div>\n\t\t","protected":false},"excerpt":{"rendered":"<p>\u0632\u064a\u0627\u0631\u0629 360 \u062f\u0631\u062c\u0629 \u0642\u0645 \u0628\u062c\u0648\u0644\u0629 360 \u062f\u0631\u062c\u0629 \u0641\u064a \u0641\u064a\u0644\u0627\u062a\u0646\u0627 \u0627\u0633\u062a\u0643\u0634\u0641 \u0645\u062c\u0645\u0651\u0639\u0646\u0627 \u0627\u0644\u0633\u0643\u0646\u064a \u0645\u0646 \u062e\u0644\u0627\u0644 \u062c\u0648\u0644\u0629 \u0627\u0641\u062a\u0631\u0627\u0636\u064a\u0629 \u062a\u0641\u0627\u0639\u0644\u064a\u0629 \u063a\u0627\u0645\u0631\u0629 \u0648\u062a\u0641\u0627\u0639\u0644\u064a\u0629. \u064a\u062a\u0623\u0644\u0641 \u0627\u0644\u0645\u0634\u0631\u0648\u0639 \u0645\u0646 14 \u0641\u064a\u0644\u0627 \u0645\u0635\u0645\u0645\u0629 \u062e\u0635\u064a\u0635\u0627\u064b \u0644\u062a\u0644\u0628\u064a\u0629 \u0627\u0644\u0627\u062d\u062a\u064a\u0627\u062c\u0627\u062a \u0627\u0644\u0641\u0631\u064a\u062f\u0629 \u0644\u0643\u0644 \u0633\u0627\u0643\u0646\u060c \u0645\u0639 \u062a\u0648\u0641\u064a\u0631 \u0628\u064a\u0626\u0629 \u0622\u0645\u0646\u0629 \u0648\u0645\u0631\u064a\u062d\u0629 \u0648\u0645\u064a\u0633\u0631\u0629 \u0644\u0644\u062c\u0645\u064a\u0639. \u062a\u0645 \u062a\u0635\u0645\u064a\u0645 \u0623\u0646\u0648\u0627\u0639 \u0627\u0644\u0641\u0644\u0644 \u0627\u0644\u062b\u0644\u0627\u062b\u0629\u060c A \u0648 B \u0648 C\u060c \u0644\u062a\u0644\u0628\u064a\u0629 \u0645\u062a\u0637\u0644\u0628\u0627\u062a \u0648\u062a\u0641\u0636\u064a\u0644\u0627\u062a \u0627\u0644\u0645\u0642\u064a\u0645\u064a\u0646 \u0627\u0643\u062a\u0634\u0641\u0648\u0627 \u0627\u0644\u062a\u0635\u0645\u064a\u0645 \u0627\u0644\u062f\u0627\u062e\u0644\u064a [&hellip;]<\/p>\n","protected":false},"author":1,"featured_media":0,"parent":0,"menu_order":0,"comment_status":"closed","ping_status":"closed","template":"","meta":{"footnotes":""},"class_list":["post-4074","page","type-page","status-publish","hentry"],"yoast_head":"<!-- This site is optimized with the Yoast SEO plugin v24.9 - https:\/\/yoast.com\/wordpress\/plugins\/seo\/ -->\n<title>Villa de luxe \u00e0 Marrakech \u00e0 vendre, bonne opportunit\u00e9 immobili\u00e8re de luxe | Citystar<\/title>\n<meta name=\"description\" content=\"14 villas de luxe \u00e0 vendre \u00e0 Marrakech dans un domaine s\u00e9curis\u00e9 avec piscine &amp; ascenseur vers route de F\u00e8s Km 20\" \/>\n<meta name=\"robots\" content=\"index, follow, max-snippet:-1, max-image-preview:large, max-video-preview:-1\" \/>\n<link rel=\"canonical\" href=\"https:\/\/www.citystar.ma\/ar\/\u0632\u064a\u0627\u0631\u0629-360-\u062f\u0631\u062c\u0629\/\" \/>\n<meta property=\"og:locale\" content=\"fr_FR\" \/>\n<meta property=\"og:type\" content=\"article\" \/>\n<meta property=\"og:title\" content=\"Villa de luxe de vos r\u00e9ves vous attend \u00e0 Marrakech | Citystar\" \/>\n<meta property=\"og:description\" content=\"Investissez dans une villa de luxe \u00e0 vendre \u00e0 Marrakech, au Maroc, avec Citystar. Profitez d&#039;un design exclusif, d&#039;\u00e9quipements haut de gamme, 5 suites, salle de jeux et d&#039;une piscine de 12 m x 5 m vers route de F\u00e8s\" \/>\n<meta property=\"og:url\" content=\"https:\/\/www.citystar.ma\/ar\/\u0632\u064a\u0627\u0631\u0629-360-\u062f\u0631\u062c\u0629\/\" \/>\n<meta property=\"og:site_name\" content=\"\u0633\u064a\u062a\u064a \u0633\u062a\u0627\u0631\u060c \u0627\u0644\u0641\u0644\u0644 \u0627\u0644\u0641\u0627\u062e\u0631\u0629 \u0641\u064a \u0645\u0631\u0627\u0643\u0634\" \/>\n<meta property=\"article:modified_time\" content=\"2025-05-19T14:46:32+00:00\" \/>\n<meta name=\"twitter:card\" content=\"summary_large_image\" \/>\n<meta name=\"twitter:label1\" content=\"Dur\u00e9e de lecture estim\u00e9e\" \/>\n\t<meta name=\"twitter:data1\" content=\"1 minute\" \/>\n<script type=\"application\/ld+json\" class=\"yoast-schema-graph\">{\"@context\":\"https:\/\/schema.org\",\"@graph\":[{\"@type\":\"WebPage\",\"@id\":\"https:\/\/www.citystar.ma\/ar\/%d8%b2%d9%8a%d8%a7%d8%b1%d8%a9-360-%d8%af%d8%b1%d8%ac%d8%a9\/\",\"url\":\"https:\/\/www.citystar.ma\/ar\/%d8%b2%d9%8a%d8%a7%d8%b1%d8%a9-360-%d8%af%d8%b1%d8%ac%d8%a9\/\",\"name\":\"Villa de luxe \u00e0 Marrakech \u00e0 vendre, bonne opportunit\u00e9 immobili\u00e8re de luxe | Citystar\",\"isPartOf\":{\"@id\":\"https:\/\/www.citystar.ma\/ar\/#website\"},\"datePublished\":\"2025-01-09T23:06:05+00:00\",\"dateModified\":\"2025-05-19T14:46:32+00:00\",\"description\":\"14 villas de luxe \u00e0 vendre \u00e0 Marrakech dans un domaine s\u00e9curis\u00e9 avec piscine & ascenseur vers route de F\u00e8s Km 20\",\"breadcrumb\":{\"@id\":\"https:\/\/www.citystar.ma\/ar\/%d8%b2%d9%8a%d8%a7%d8%b1%d8%a9-360-%d8%af%d8%b1%d8%ac%d8%a9\/#breadcrumb\"},\"inLanguage\":\"fr-FR\",\"potentialAction\":[{\"@type\":\"ReadAction\",\"target\":[\"https:\/\/www.citystar.ma\/ar\/%d8%b2%d9%8a%d8%a7%d8%b1%d8%a9-360-%d8%af%d8%b1%d8%ac%d8%a9\/\"]}]},{\"@type\":\"BreadcrumbList\",\"@id\":\"https:\/\/www.citystar.ma\/ar\/%d8%b2%d9%8a%d8%a7%d8%b1%d8%a9-360-%d8%af%d8%b1%d8%ac%d8%a9\/#breadcrumb\",\"itemListElement\":[{\"@type\":\"ListItem\",\"position\":1,\"name\":\"Accueil\",\"item\":\"https:\/\/www.citystar.ma\/ar\/\"},{\"@type\":\"ListItem\",\"position\":2,\"name\":\"\u0632\u064a\u0627\u0631\u0629 360 \u062f\u0631\u062c\u0629\"}]},{\"@type\":\"WebSite\",\"@id\":\"https:\/\/www.citystar.ma\/ar\/#website\",\"url\":\"https:\/\/www.citystar.ma\/ar\/\",\"name\":\"\u0633\u064a\u062a\u064a \u0633\u062a\u0627\u0631\u060c \u0627\u0644\u0641\u0644\u0644 \u0627\u0644\u0641\u0627\u062e\u0631\u0629 \u0641\u064a \u0645\u0631\u0627\u0643\u0634\",\"description\":\"\u0633\u064a\u062a\u064a-\u0633\u062a\u0627\u0631\",\"publisher\":{\"@id\":\"https:\/\/www.citystar.ma\/ar\/#organization\"},\"potentialAction\":[{\"@type\":\"SearchAction\",\"target\":{\"@type\":\"EntryPoint\",\"urlTemplate\":\"https:\/\/www.citystar.ma\/ar\/?s={search_term_string}\"},\"query-input\":{\"@type\":\"PropertyValueSpecification\",\"valueRequired\":true,\"valueName\":\"search_term_string\"}}],\"inLanguage\":\"fr-FR\"},{\"@type\":\"Organization\",\"@id\":\"https:\/\/www.citystar.ma\/ar\/#organization\",\"name\":\"\u0633\u064a\u062a\u064a \u0633\u062a\u0627\u0631\u060c \u0627\u0644\u0641\u0644\u0644 \u0627\u0644\u0641\u0627\u062e\u0631\u0629 \u0641\u064a \u0645\u0631\u0627\u0643\u0634\",\"url\":\"https:\/\/www.citystar.ma\/ar\/\",\"logo\":{\"@type\":\"ImageObject\",\"inLanguage\":\"fr-FR\",\"@id\":\"https:\/\/www.citystar.ma\/ar\/#\/schema\/logo\/image\/\",\"url\":\"https:\/\/www.citystar.ma\/ar\/wp-content\/uploads\/2024\/12\/cropped-logo-citystar.png\",\"contentUrl\":\"https:\/\/www.citystar.ma\/ar\/wp-content\/uploads\/2024\/12\/cropped-logo-citystar.png\",\"width\":161,\"height\":215,\"caption\":\"\u0633\u064a\u062a\u064a \u0633\u062a\u0627\u0631\u060c \u0627\u0644\u0641\u0644\u0644 \u0627\u0644\u0641\u0627\u062e\u0631\u0629 \u0641\u064a \u0645\u0631\u0627\u0643\u0634\"},\"image\":{\"@id\":\"https:\/\/www.citystar.ma\/ar\/#\/schema\/logo\/image\/\"}}]}<\/script>\n<!-- \/ Yoast SEO plugin. -->","yoast_head_json":{"title":"Villa de luxe \u00e0 Marrakech \u00e0 vendre, bonne opportunit\u00e9 immobili\u00e8re de luxe | Citystar","description":"14 villas de luxe \u00e0 vendre \u00e0 Marrakech dans un domaine s\u00e9curis\u00e9 avec piscine & ascenseur vers route de F\u00e8s Km 20","robots":{"index":"index","follow":"follow","max-snippet":"max-snippet:-1","max-image-preview":"max-image-preview:large","max-video-preview":"max-video-preview:-1"},"canonical":"https:\/\/www.citystar.ma\/ar\/\u0632\u064a\u0627\u0631\u0629-360-\u062f\u0631\u062c\u0629\/","og_locale":"fr_FR","og_type":"article","og_title":"Villa de luxe de vos r\u00e9ves vous attend \u00e0 Marrakech | Citystar","og_description":"Investissez dans une villa de luxe \u00e0 vendre \u00e0 Marrakech, au Maroc, avec Citystar. Profitez d'un design exclusif, d'\u00e9quipements haut de gamme, 5 suites, salle de jeux et d'une piscine de 12 m x 5 m vers route de F\u00e8s","og_url":"https:\/\/www.citystar.ma\/ar\/\u0632\u064a\u0627\u0631\u0629-360-\u062f\u0631\u062c\u0629\/","og_site_name":"\u0633\u064a\u062a\u064a \u0633\u062a\u0627\u0631\u060c \u0627\u0644\u0641\u0644\u0644 \u0627\u0644\u0641\u0627\u062e\u0631\u0629 \u0641\u064a \u0645\u0631\u0627\u0643\u0634","article_modified_time":"2025-05-19T14:46:32+00:00","twitter_card":"summary_large_image","twitter_misc":{"Dur\u00e9e de lecture estim\u00e9e":"1 minute"},"schema":{"@context":"https:\/\/schema.org","@graph":[{"@type":"WebPage","@id":"https:\/\/www.citystar.ma\/ar\/%d8%b2%d9%8a%d8%a7%d8%b1%d8%a9-360-%d8%af%d8%b1%d8%ac%d8%a9\/","url":"https:\/\/www.citystar.ma\/ar\/%d8%b2%d9%8a%d8%a7%d8%b1%d8%a9-360-%d8%af%d8%b1%d8%ac%d8%a9\/","name":"Villa de luxe \u00e0 Marrakech \u00e0 vendre, bonne opportunit\u00e9 immobili\u00e8re de luxe | Citystar","isPartOf":{"@id":"https:\/\/www.citystar.ma\/ar\/#website"},"datePublished":"2025-01-09T23:06:05+00:00","dateModified":"2025-05-19T14:46:32+00:00","description":"14 villas de luxe \u00e0 vendre \u00e0 Marrakech dans un domaine s\u00e9curis\u00e9 avec piscine & ascenseur vers route de F\u00e8s Km 20","breadcrumb":{"@id":"https:\/\/www.citystar.ma\/ar\/%d8%b2%d9%8a%d8%a7%d8%b1%d8%a9-360-%d8%af%d8%b1%d8%ac%d8%a9\/#breadcrumb"},"inLanguage":"fr-FR","potentialAction":[{"@type":"ReadAction","target":["https:\/\/www.citystar.ma\/ar\/%d8%b2%d9%8a%d8%a7%d8%b1%d8%a9-360-%d8%af%d8%b1%d8%ac%d8%a9\/"]}]},{"@type":"BreadcrumbList","@id":"https:\/\/www.citystar.ma\/ar\/%d8%b2%d9%8a%d8%a7%d8%b1%d8%a9-360-%d8%af%d8%b1%d8%ac%d8%a9\/#breadcrumb","itemListElement":[{"@type":"ListItem","position":1,"name":"Accueil","item":"https:\/\/www.citystar.ma\/ar\/"},{"@type":"ListItem","position":2,"name":"\u0632\u064a\u0627\u0631\u0629 360 \u062f\u0631\u062c\u0629"}]},{"@type":"WebSite","@id":"https:\/\/www.citystar.ma\/ar\/#website","url":"https:\/\/www.citystar.ma\/ar\/","name":"\u0633\u064a\u062a\u064a \u0633\u062a\u0627\u0631\u060c \u0627\u0644\u0641\u0644\u0644 \u0627\u0644\u0641\u0627\u062e\u0631\u0629 \u0641\u064a \u0645\u0631\u0627\u0643\u0634","description":"\u0633\u064a\u062a\u064a-\u0633\u062a\u0627\u0631","publisher":{"@id":"https:\/\/www.citystar.ma\/ar\/#organization"},"potentialAction":[{"@type":"SearchAction","target":{"@type":"EntryPoint","urlTemplate":"https:\/\/www.citystar.ma\/ar\/?s={search_term_string}"},"query-input":{"@type":"PropertyValueSpecification","valueRequired":true,"valueName":"search_term_string"}}],"inLanguage":"fr-FR"},{"@type":"Organization","@id":"https:\/\/www.citystar.ma\/ar\/#organization","name":"\u0633\u064a\u062a\u064a \u0633\u062a\u0627\u0631\u060c \u0627\u0644\u0641\u0644\u0644 \u0627\u0644\u0641\u0627\u062e\u0631\u0629 \u0641\u064a \u0645\u0631\u0627\u0643\u0634","url":"https:\/\/www.citystar.ma\/ar\/","logo":{"@type":"ImageObject","inLanguage":"fr-FR","@id":"https:\/\/www.citystar.ma\/ar\/#\/schema\/logo\/image\/","url":"https:\/\/www.citystar.ma\/ar\/wp-content\/uploads\/2024\/12\/cropped-logo-citystar.png","contentUrl":"https:\/\/www.citystar.ma\/ar\/wp-content\/uploads\/2024\/12\/cropped-logo-citystar.png","width":161,"height":215,"caption":"\u0633\u064a\u062a\u064a \u0633\u062a\u0627\u0631\u060c \u0627\u0644\u0641\u0644\u0644 \u0627\u0644\u0641\u0627\u062e\u0631\u0629 \u0641\u064a \u0645\u0631\u0627\u0643\u0634"},"image":{"@id":"https:\/\/www.citystar.ma\/ar\/#\/schema\/logo\/image\/"}}]}},"_links":{"self":[{"href":"https:\/\/www.citystar.ma\/ar\/wp-json\/wp\/v2\/pages\/4074","targetHints":{"allow":["GET"]}}],"collection":[{"href":"https:\/\/www.citystar.ma\/ar\/wp-json\/wp\/v2\/pages"}],"about":[{"href":"https:\/\/www.citystar.ma\/ar\/wp-json\/wp\/v2\/types\/page"}],"author":[{"embeddable":true,"href":"https:\/\/www.citystar.ma\/ar\/wp-json\/wp\/v2\/users\/1"}],"replies":[{"embeddable":true,"href":"https:\/\/www.citystar.ma\/ar\/wp-json\/wp\/v2\/comments?post=4074"}],"version-history":[{"count":50,"href":"https:\/\/www.citystar.ma\/ar\/wp-json\/wp\/v2\/pages\/4074\/revisions"}],"predecessor-version":[{"id":4976,"href":"https:\/\/www.citystar.ma\/ar\/wp-json\/wp\/v2\/pages\/4074\/revisions\/4976"}],"wp:attachment":[{"href":"https:\/\/www.citystar.ma\/ar\/wp-json\/wp\/v2\/media?parent=4074"}],"curies":[{"name":"wp","href":"https:\/\/api.w.org\/{rel}","templated":true}]}}