{"id":4047,"date":"2025-01-09T16:08:21","date_gmt":"2025-01-09T15:08:21","guid":{"rendered":"http:\/\/ventevillasmarrakech.com\/?page_id=4047"},"modified":"2025-03-12T12:09:43","modified_gmt":"2025-03-12T11:09:43","slug":"%d8%b9%d8%b1%d8%b6-%d8%a7%d9%84%d9%81%d9%8a%d9%84%d8%a7","status":"publish","type":"page","link":"https:\/\/www.citystar.ma\/ar\/%d8%b9%d8%b1%d8%b6-%d8%a7%d9%84%d9%81%d9%8a%d9%84%d8%a7\/","title":{"rendered":"\u0639\u0631\u0636 \u0627\u0644\u0641\u064a\u0644\u0627"},"content":{"rendered":"\t\t<div data-elementor-type=\"wp-page\" data-elementor-id=\"4047\" class=\"elementor elementor-4047\">\n\t\t\t\t<div class=\"elementor-element elementor-element-ea03201 e-flex e-con-boxed e-con e-parent\" data-id=\"ea03201\" data-element_type=\"container\">\n\t\t\t\t\t<div class=\"e-con-inner\">\n\t\t\t\t<div class=\"elementor-element elementor-element-f3de446 elementor-widget elementor-widget-qi_addons_for_elementor_section_title\" data-id=\"f3de446\" data-element_type=\"widget\" data-widget_type=\"qi_addons_for_elementor_section_title.default\">\n\t\t\t\t<div class=\"elementor-widget-container\">\n\t\t\t\t\t<div class=\"qodef-shortcode qodef-m  qodef-qi-section-title  qodef-decoration--italic  qodef-link--underline-draw qodef-subtitle-icon--left\">\n\t\t\t\t\t\t<h3 class=\"qodef-m-title\">\n\t\t\u0641\u064a\u0644\u0627 \u0633\u064a\u062a\u064a \u0633\u062a\u0627\u0631\t<\/h3>\n\t\t\t<div class=\"qodef-m-text\"><p style=\"color: gray\">\u00a0<\/p><p>\u064a\u062a\u0645\u062b\u0644 \u0627\u0644\u0647\u062f\u0641 \u0645\u0646 \u0627\u0644\u0645\u0634\u0631\u0648\u0639 \u0641\u064a \u0628\u0646\u0627\u0621 \u0645\u062c\u0645\u0639 \u0633\u0643\u0646\u064a \u064a\u0636\u0645 14 \u0641\u064a\u0644\u0627 \u0645\u0635\u0645\u0645\u0629 \u062e\u0635\u064a\u0635\u0627\u064b \u0644\u062a\u0644\u0628\u064a\u0629 \u0627\u0644\u0627\u062d\u062a\u064a\u0627\u062c\u0627\u062a \u0627\u0644\u062e\u0627\u0635\u0629 \u0644\u0644\u0633\u0643\u0627\u0646. \u0633\u062a\u0648\u0641\u0631 \u0627\u0644\u0641\u0644\u0644 \u0628\u064a\u0626\u0629 \u0622\u0645\u0646\u0629 \u0648\u0645\u0631\u064a\u062d\u0629 \u0648\u0633\u0647\u0644\u0629 \u0627\u0644\u0648\u0635\u0648\u0644 \u0644\u0644\u062c\u0645\u064a\u0639\u060c \u0645\u0639 \u0627\u0644\u062a\u0631\u0643\u064a\u0632 \u0628\u0634\u0643\u0644 \u062e\u0627\u0635 \u0639\u0644\u0649 \u0627\u0644\u062f\u0645\u062c \u0648\u0627\u0644\u0648\u0635\u0648\u0644 \u0644\u0630\u0648\u064a \u0627\u0644\u0627\u062d\u062a\u064a\u0627\u062c\u0627\u062a \u0627\u0644\u062e\u0627\u0635\u0629. \u064a\u062a\u0636\u0645\u0646 \u0627\u0644\u0645\u0634\u0631\u0648\u0639 \u062b\u0644\u0627\u062b\u0629 \u0623\u0646\u0648\u0627\u0639 \u0645\u062e\u062a\u0644\u0641\u0629 \u0645\u0646 \u0627\u0644\u0641\u0644\u0644\u060c \u201d\u0623\u201c \u0648\u201d\u0628\u201c \u0648\u201d \u0633 \u201c\u060c \u0644\u062a\u0644\u0628\u064a\u0629 \u0645\u062a\u0637\u0644\u0628\u0627\u062a \u0648\u062a\u0641\u0636\u064a\u0644\u0627\u062a \u0627\u0644\u0633\u0643\u0627\u0646 \u0641\u064a \u0627\u0644\u0645\u0633\u062a\u0642\u0628\u0644<\/p><\/div>\n\t<\/div>\n\t\t\t\t<\/div>\n\t\t\t\t<\/div>\n\t\t\t\t\t<\/div>\n\t\t\t\t<\/div>\n\t\t<div class=\"elementor-element elementor-element-40af8ec e-flex e-con-boxed e-con e-parent\" data-id=\"40af8ec\" data-element_type=\"container\">\n\t\t\t\t\t<div class=\"e-con-inner\">\n\t\t\t\t<div class=\"elementor-element elementor-element-7f65896 elementor-widget elementor-widget-hendon_core_video_button\" data-id=\"7f65896\" data-element_type=\"widget\" data-widget_type=\"hendon_core_video_button.default\">\n\t\t\t\t<div class=\"elementor-widget-container\">\n\t\t\t\t\t<div class=\"qodef-shortcode qodef-m  qodef-video-button qodef--has-img\">\n\t    <div class=\"qodef-m-image\">\n\t\t<img fetchpriority=\"high\" decoding=\"async\" width=\"1600\" height=\"900\" src=\"https:\/\/www.citystar.ma\/ar\/wp-content\/uploads\/2024\/12\/WhatsApp-Image-2024-12-07-at-10.12.23.jpeg\" class=\"attachment-full size-full\" alt=\"\" srcset=\"https:\/\/www.citystar.ma\/ar\/wp-content\/uploads\/2024\/12\/WhatsApp-Image-2024-12-07-at-10.12.23.jpeg 1600w, https:\/\/www.citystar.ma\/ar\/wp-content\/uploads\/2024\/12\/WhatsApp-Image-2024-12-07-at-10.12.23-300x169.jpeg 300w, https:\/\/www.citystar.ma\/ar\/wp-content\/uploads\/2024\/12\/WhatsApp-Image-2024-12-07-at-10.12.23-1024x576.jpeg 1024w, https:\/\/www.citystar.ma\/ar\/wp-content\/uploads\/2024\/12\/WhatsApp-Image-2024-12-07-at-10.12.23-768x432.jpeg 768w, https:\/\/www.citystar.ma\/ar\/wp-content\/uploads\/2024\/12\/WhatsApp-Image-2024-12-07-at-10.12.23-1536x864.jpeg 1536w\" sizes=\"(max-width: 1600px) 100vw, 1600px\" \/>    <\/div>\n\t\n\t<a itemprop=\"url\" class=\"qodef-m-play qodef-magnific-popup qodef-popup-item\" href=\"https:\/\/www.youtube.com\/watch?v=yK4ZxoDU-E0&#038;t=2s\" data-type=\"iframe\">\n\t\t<span class=\"qodef-m-play-inner\">\n            <svg version=\"1.1\" xmlns=\"http:\/\/www.w3.org\/2000\/svg\" xmlns:xlink=\"http:\/\/www.w3.org\/1999\/xlink\" x=\"0px\" y=\"0px\"\n                 width=\"110px\" height=\"110px\" viewBox=\"0 0 110 110\" enable-background=\"new 0 0 110 110\" xml:space=\"preserve\">\n            <circle fill=\"#FFFFFF\" cx=\"55.077\" cy=\"55.533\" r=\"50\"\/>\n            <polygon fill=\"#C28562\" points=\"51.073,65.258 63.081,55.641 51.073,45.809 \"\/>\n            <circle opacity=\"0.5\" fill=\"none\" stroke=\"#C28562\" cx=\"50%\" cy=\"50%\" r=\"42%\"><\/circle>\n            <circle fill=\"none\" stroke=\"#C28562\" cx=\"50%\" cy=\"50%\" r=\"42%\"><\/circle>\n            <\/svg>\n\t\t<\/span>\n\t<\/a>\n<\/div>\t\t\t\t<\/div>\n\t\t\t\t<\/div>\n\t\t\t\t\t<\/div>\n\t\t\t\t<\/div>\n\t\t\t\t<\/div>\n\t\t","protected":false},"excerpt":{"rendered":"<p>\u0641\u064a\u0644\u0627 \u0633\u064a\u062a\u064a \u0633\u062a\u0627\u0631 \u00a0 \u064a\u062a\u0645\u062b\u0644 \u0627\u0644\u0647\u062f\u0641 \u0645\u0646 \u0627\u0644\u0645\u0634\u0631\u0648\u0639 \u0641\u064a \u0628\u0646\u0627\u0621 \u0645\u062c\u0645\u0639 \u0633\u0643\u0646\u064a \u064a\u0636\u0645 14 \u0641\u064a\u0644\u0627 \u0645\u0635\u0645\u0645\u0629 \u062e\u0635\u064a\u0635\u0627\u064b \u0644\u062a\u0644\u0628\u064a\u0629 \u0627\u0644\u0627\u062d\u062a\u064a\u0627\u062c\u0627\u062a \u0627\u0644\u062e\u0627\u0635\u0629 \u0644\u0644\u0633\u0643\u0627\u0646. \u0633\u062a\u0648\u0641\u0631 \u0627\u0644\u0641\u0644\u0644 \u0628\u064a\u0626\u0629 \u0622\u0645\u0646\u0629 \u0648\u0645\u0631\u064a\u062d\u0629 \u0648\u0633\u0647\u0644\u0629 \u0627\u0644\u0648\u0635\u0648\u0644 \u0644\u0644\u062c\u0645\u064a\u0639\u060c \u0645\u0639 \u0627\u0644\u062a\u0631\u0643\u064a\u0632 \u0628\u0634\u0643\u0644 \u062e\u0627\u0635 \u0639\u0644\u0649 \u0627\u0644\u062f\u0645\u062c \u0648\u0627\u0644\u0648\u0635\u0648\u0644 \u0644\u0630\u0648\u064a \u0627\u0644\u0627\u062d\u062a\u064a\u0627\u062c\u0627\u062a \u0627\u0644\u062e\u0627\u0635\u0629. \u064a\u062a\u0636\u0645\u0646 \u0627\u0644\u0645\u0634\u0631\u0648\u0639 \u062b\u0644\u0627\u062b\u0629 \u0623\u0646\u0648\u0627\u0639 \u0645\u062e\u062a\u0644\u0641\u0629 \u0645\u0646 \u0627\u0644\u0641\u0644\u0644\u060c \u201d\u0623\u201c \u0648\u201d\u0628\u201c \u0648\u201d \u0633 \u201c\u060c \u0644\u062a\u0644\u0628\u064a\u0629 \u0645\u062a\u0637\u0644\u0628\u0627\u062a \u0648\u062a\u0641\u0636\u064a\u0644\u0627\u062a \u0627\u0644\u0633\u0643\u0627\u0646 [&hellip;]<\/p>\n","protected":false},"author":1,"featured_media":0,"parent":0,"menu_order":0,"comment_status":"closed","ping_status":"closed","template":"page-full-width.php","meta":{"footnotes":""},"class_list":["post-4047","page","type-page","status-publish","hentry"],"yoast_head":"<!-- This site is optimized with the Yoast SEO plugin v24.9 - https:\/\/yoast.com\/wordpress\/plugins\/seo\/ -->\n<title>Villa de luxe \u00e0 vendre de 2000m \u00e0 Marrakech avec piscine | CITYSTAR<\/title>\n<meta name=\"description\" content=\"D\u00e9couvrez cette magnifique villa isol\u00e9e \u00e0 vendre \u00e0 35 minutes de Jemaa el-Fna, dans une r\u00e9sidence de luxe \u00e0 Marrakech. 5 chambres avec dressing et salle de bain, piscine priv\u00e9e et jardin spacieux.\" \/>\n<meta name=\"robots\" content=\"index, follow, max-snippet:-1, max-image-preview:large, max-video-preview:-1\" \/>\n<link rel=\"canonical\" href=\"https:\/\/www.citystar.ma\/ar\/\u0639\u0631\u0636-\u0627\u0644\u0641\u064a\u0644\u0627\/\" \/>\n<meta property=\"og:locale\" content=\"fr_FR\" \/>\n<meta property=\"og:type\" content=\"article\" \/>\n<meta property=\"og:title\" content=\"Villa de luxe \u00e0 vendre \u00e0 Marrakech ,5 Chambre, Piscine | CITYSTAR\" \/>\n<meta property=\"og:description\" content=\"Offrez-vous cette villa isol\u00e9e de 2000 m\u00b2 \u00e0 Marrakech, situ\u00e9e dans une r\u00e9sidence de luxe \u00e0 35 minutes de Jemaa el-Fna \u00e0 vendre, avec 5 chambres spacieuses, salle de jeux, piscine priv\u00e9e et jardin.\" \/>\n<meta property=\"og:url\" content=\"https:\/\/www.citystar.ma\/ar\/\u0639\u0631\u0636-\u0627\u0644\u0641\u064a\u0644\u0627\/\" \/>\n<meta property=\"og:site_name\" content=\"\u0633\u064a\u062a\u064a \u0633\u062a\u0627\u0631\u060c \u0627\u0644\u0641\u0644\u0644 \u0627\u0644\u0641\u0627\u062e\u0631\u0629 \u0641\u064a \u0645\u0631\u0627\u0643\u0634\" \/>\n<meta property=\"article:modified_time\" content=\"2025-03-12T11:09:43+00:00\" \/>\n<meta property=\"og:image\" content=\"https:\/\/www.citystar.ma\/ar\/wp-content\/uploads\/2024\/12\/WhatsApp-Image-2024-12-07-at-10.12.23.jpeg\" \/>\n<meta name=\"twitter:card\" content=\"summary_large_image\" \/>\n<meta name=\"twitter:label1\" content=\"Dur\u00e9e de lecture estim\u00e9e\" \/>\n\t<meta name=\"twitter:data1\" content=\"1 minute\" \/>\n<script type=\"application\/ld+json\" class=\"yoast-schema-graph\">{\"@context\":\"https:\/\/schema.org\",\"@graph\":[{\"@type\":\"WebPage\",\"@id\":\"https:\/\/www.citystar.ma\/ar\/%d8%b9%d8%b1%d8%b6-%d8%a7%d9%84%d9%81%d9%8a%d9%84%d8%a7\/\",\"url\":\"https:\/\/www.citystar.ma\/ar\/%d8%b9%d8%b1%d8%b6-%d8%a7%d9%84%d9%81%d9%8a%d9%84%d8%a7\/\",\"name\":\"Villa de luxe \u00e0 vendre de 2000m \u00e0 Marrakech avec piscine | CITYSTAR\",\"isPartOf\":{\"@id\":\"https:\/\/www.citystar.ma\/ar\/#website\"},\"primaryImageOfPage\":{\"@id\":\"https:\/\/www.citystar.ma\/ar\/%d8%b9%d8%b1%d8%b6-%d8%a7%d9%84%d9%81%d9%8a%d9%84%d8%a7\/#primaryimage\"},\"image\":{\"@id\":\"https:\/\/www.citystar.ma\/ar\/%d8%b9%d8%b1%d8%b6-%d8%a7%d9%84%d9%81%d9%8a%d9%84%d8%a7\/#primaryimage\"},\"thumbnailUrl\":\"https:\/\/www.citystar.ma\/ar\/wp-content\/uploads\/2024\/12\/WhatsApp-Image-2024-12-07-at-10.12.23.jpeg\",\"datePublished\":\"2025-01-09T15:08:21+00:00\",\"dateModified\":\"2025-03-12T11:09:43+00:00\",\"description\":\"D\u00e9couvrez cette magnifique villa isol\u00e9e \u00e0 vendre \u00e0 35 minutes de Jemaa el-Fna, dans une r\u00e9sidence de luxe \u00e0 Marrakech. 5 chambres avec dressing et salle de bain, piscine priv\u00e9e et jardin spacieux.\",\"breadcrumb\":{\"@id\":\"https:\/\/www.citystar.ma\/ar\/%d8%b9%d8%b1%d8%b6-%d8%a7%d9%84%d9%81%d9%8a%d9%84%d8%a7\/#breadcrumb\"},\"inLanguage\":\"fr-FR\",\"potentialAction\":[{\"@type\":\"ReadAction\",\"target\":[\"https:\/\/www.citystar.ma\/ar\/%d8%b9%d8%b1%d8%b6-%d8%a7%d9%84%d9%81%d9%8a%d9%84%d8%a7\/\"]}]},{\"@type\":\"ImageObject\",\"inLanguage\":\"fr-FR\",\"@id\":\"https:\/\/www.citystar.ma\/ar\/%d8%b9%d8%b1%d8%b6-%d8%a7%d9%84%d9%81%d9%8a%d9%84%d8%a7\/#primaryimage\",\"url\":\"https:\/\/www.citystar.ma\/ar\/wp-content\/uploads\/2024\/12\/WhatsApp-Image-2024-12-07-at-10.12.23.jpeg\",\"contentUrl\":\"https:\/\/www.citystar.ma\/ar\/wp-content\/uploads\/2024\/12\/WhatsApp-Image-2024-12-07-at-10.12.23.jpeg\",\"width\":1600,\"height\":900},{\"@type\":\"BreadcrumbList\",\"@id\":\"https:\/\/www.citystar.ma\/ar\/%d8%b9%d8%b1%d8%b6-%d8%a7%d9%84%d9%81%d9%8a%d9%84%d8%a7\/#breadcrumb\",\"itemListElement\":[{\"@type\":\"ListItem\",\"position\":1,\"name\":\"Accueil\",\"item\":\"https:\/\/www.citystar.ma\/ar\/\"},{\"@type\":\"ListItem\",\"position\":2,\"name\":\"\u0639\u0631\u0636 \u0627\u0644\u0641\u064a\u0644\u0627\"}]},{\"@type\":\"WebSite\",\"@id\":\"https:\/\/www.citystar.ma\/ar\/#website\",\"url\":\"https:\/\/www.citystar.ma\/ar\/\",\"name\":\"\u0633\u064a\u062a\u064a \u0633\u062a\u0627\u0631\u060c \u0627\u0644\u0641\u0644\u0644 \u0627\u0644\u0641\u0627\u062e\u0631\u0629 \u0641\u064a \u0645\u0631\u0627\u0643\u0634\",\"description\":\"\u0633\u064a\u062a\u064a-\u0633\u062a\u0627\u0631\",\"publisher\":{\"@id\":\"https:\/\/www.citystar.ma\/ar\/#organization\"},\"potentialAction\":[{\"@type\":\"SearchAction\",\"target\":{\"@type\":\"EntryPoint\",\"urlTemplate\":\"https:\/\/www.citystar.ma\/ar\/?s={search_term_string}\"},\"query-input\":{\"@type\":\"PropertyValueSpecification\",\"valueRequired\":true,\"valueName\":\"search_term_string\"}}],\"inLanguage\":\"fr-FR\"},{\"@type\":\"Organization\",\"@id\":\"https:\/\/www.citystar.ma\/ar\/#organization\",\"name\":\"\u0633\u064a\u062a\u064a \u0633\u062a\u0627\u0631\u060c \u0627\u0644\u0641\u0644\u0644 \u0627\u0644\u0641\u0627\u062e\u0631\u0629 \u0641\u064a \u0645\u0631\u0627\u0643\u0634\",\"url\":\"https:\/\/www.citystar.ma\/ar\/\",\"logo\":{\"@type\":\"ImageObject\",\"inLanguage\":\"fr-FR\",\"@id\":\"https:\/\/www.citystar.ma\/ar\/#\/schema\/logo\/image\/\",\"url\":\"https:\/\/www.citystar.ma\/ar\/wp-content\/uploads\/2024\/12\/cropped-logo-citystar.png\",\"contentUrl\":\"https:\/\/www.citystar.ma\/ar\/wp-content\/uploads\/2024\/12\/cropped-logo-citystar.png\",\"width\":161,\"height\":215,\"caption\":\"\u0633\u064a\u062a\u064a \u0633\u062a\u0627\u0631\u060c \u0627\u0644\u0641\u0644\u0644 \u0627\u0644\u0641\u0627\u062e\u0631\u0629 \u0641\u064a \u0645\u0631\u0627\u0643\u0634\"},\"image\":{\"@id\":\"https:\/\/www.citystar.ma\/ar\/#\/schema\/logo\/image\/\"}}]}<\/script>\n<!-- \/ Yoast SEO plugin. -->","yoast_head_json":{"title":"Villa de luxe \u00e0 vendre de 2000m \u00e0 Marrakech avec piscine | CITYSTAR","description":"D\u00e9couvrez cette magnifique villa isol\u00e9e \u00e0 vendre \u00e0 35 minutes de Jemaa el-Fna, dans une r\u00e9sidence de luxe \u00e0 Marrakech. 5 chambres avec dressing et salle de bain, piscine priv\u00e9e et jardin spacieux.","robots":{"index":"index","follow":"follow","max-snippet":"max-snippet:-1","max-image-preview":"max-image-preview:large","max-video-preview":"max-video-preview:-1"},"canonical":"https:\/\/www.citystar.ma\/ar\/\u0639\u0631\u0636-\u0627\u0644\u0641\u064a\u0644\u0627\/","og_locale":"fr_FR","og_type":"article","og_title":"Villa de luxe \u00e0 vendre \u00e0 Marrakech ,5 Chambre, Piscine | CITYSTAR","og_description":"Offrez-vous cette villa isol\u00e9e de 2000 m\u00b2 \u00e0 Marrakech, situ\u00e9e dans une r\u00e9sidence de luxe \u00e0 35 minutes de Jemaa el-Fna \u00e0 vendre, avec 5 chambres spacieuses, salle de jeux, piscine priv\u00e9e et jardin.","og_url":"https:\/\/www.citystar.ma\/ar\/\u0639\u0631\u0636-\u0627\u0644\u0641\u064a\u0644\u0627\/","og_site_name":"\u0633\u064a\u062a\u064a \u0633\u062a\u0627\u0631\u060c \u0627\u0644\u0641\u0644\u0644 \u0627\u0644\u0641\u0627\u062e\u0631\u0629 \u0641\u064a \u0645\u0631\u0627\u0643\u0634","article_modified_time":"2025-03-12T11:09:43+00:00","og_image":[{"url":"https:\/\/www.citystar.ma\/ar\/wp-content\/uploads\/2024\/12\/WhatsApp-Image-2024-12-07-at-10.12.23.jpeg","type":"","width":"","height":""}],"twitter_card":"summary_large_image","twitter_misc":{"Dur\u00e9e de lecture estim\u00e9e":"1 minute"},"schema":{"@context":"https:\/\/schema.org","@graph":[{"@type":"WebPage","@id":"https:\/\/www.citystar.ma\/ar\/%d8%b9%d8%b1%d8%b6-%d8%a7%d9%84%d9%81%d9%8a%d9%84%d8%a7\/","url":"https:\/\/www.citystar.ma\/ar\/%d8%b9%d8%b1%d8%b6-%d8%a7%d9%84%d9%81%d9%8a%d9%84%d8%a7\/","name":"Villa de luxe \u00e0 vendre de 2000m \u00e0 Marrakech avec piscine | CITYSTAR","isPartOf":{"@id":"https:\/\/www.citystar.ma\/ar\/#website"},"primaryImageOfPage":{"@id":"https:\/\/www.citystar.ma\/ar\/%d8%b9%d8%b1%d8%b6-%d8%a7%d9%84%d9%81%d9%8a%d9%84%d8%a7\/#primaryimage"},"image":{"@id":"https:\/\/www.citystar.ma\/ar\/%d8%b9%d8%b1%d8%b6-%d8%a7%d9%84%d9%81%d9%8a%d9%84%d8%a7\/#primaryimage"},"thumbnailUrl":"https:\/\/www.citystar.ma\/ar\/wp-content\/uploads\/2024\/12\/WhatsApp-Image-2024-12-07-at-10.12.23.jpeg","datePublished":"2025-01-09T15:08:21+00:00","dateModified":"2025-03-12T11:09:43+00:00","description":"D\u00e9couvrez cette magnifique villa isol\u00e9e \u00e0 vendre \u00e0 35 minutes de Jemaa el-Fna, dans une r\u00e9sidence de luxe \u00e0 Marrakech. 5 chambres avec dressing et salle de bain, piscine priv\u00e9e et jardin spacieux.","breadcrumb":{"@id":"https:\/\/www.citystar.ma\/ar\/%d8%b9%d8%b1%d8%b6-%d8%a7%d9%84%d9%81%d9%8a%d9%84%d8%a7\/#breadcrumb"},"inLanguage":"fr-FR","potentialAction":[{"@type":"ReadAction","target":["https:\/\/www.citystar.ma\/ar\/%d8%b9%d8%b1%d8%b6-%d8%a7%d9%84%d9%81%d9%8a%d9%84%d8%a7\/"]}]},{"@type":"ImageObject","inLanguage":"fr-FR","@id":"https:\/\/www.citystar.ma\/ar\/%d8%b9%d8%b1%d8%b6-%d8%a7%d9%84%d9%81%d9%8a%d9%84%d8%a7\/#primaryimage","url":"https:\/\/www.citystar.ma\/ar\/wp-content\/uploads\/2024\/12\/WhatsApp-Image-2024-12-07-at-10.12.23.jpeg","contentUrl":"https:\/\/www.citystar.ma\/ar\/wp-content\/uploads\/2024\/12\/WhatsApp-Image-2024-12-07-at-10.12.23.jpeg","width":1600,"height":900},{"@type":"BreadcrumbList","@id":"https:\/\/www.citystar.ma\/ar\/%d8%b9%d8%b1%d8%b6-%d8%a7%d9%84%d9%81%d9%8a%d9%84%d8%a7\/#breadcrumb","itemListElement":[{"@type":"ListItem","position":1,"name":"Accueil","item":"https:\/\/www.citystar.ma\/ar\/"},{"@type":"ListItem","position":2,"name":"\u0639\u0631\u0636 \u0627\u0644\u0641\u064a\u0644\u0627"}]},{"@type":"WebSite","@id":"https:\/\/www.citystar.ma\/ar\/#website","url":"https:\/\/www.citystar.ma\/ar\/","name":"\u0633\u064a\u062a\u064a \u0633\u062a\u0627\u0631\u060c \u0627\u0644\u0641\u0644\u0644 \u0627\u0644\u0641\u0627\u062e\u0631\u0629 \u0641\u064a \u0645\u0631\u0627\u0643\u0634","description":"\u0633\u064a\u062a\u064a-\u0633\u062a\u0627\u0631","publisher":{"@id":"https:\/\/www.citystar.ma\/ar\/#organization"},"potentialAction":[{"@type":"SearchAction","target":{"@type":"EntryPoint","urlTemplate":"https:\/\/www.citystar.ma\/ar\/?s={search_term_string}"},"query-input":{"@type":"PropertyValueSpecification","valueRequired":true,"valueName":"search_term_string"}}],"inLanguage":"fr-FR"},{"@type":"Organization","@id":"https:\/\/www.citystar.ma\/ar\/#organization","name":"\u0633\u064a\u062a\u064a \u0633\u062a\u0627\u0631\u060c \u0627\u0644\u0641\u0644\u0644 \u0627\u0644\u0641\u0627\u062e\u0631\u0629 \u0641\u064a \u0645\u0631\u0627\u0643\u0634","url":"https:\/\/www.citystar.ma\/ar\/","logo":{"@type":"ImageObject","inLanguage":"fr-FR","@id":"https:\/\/www.citystar.ma\/ar\/#\/schema\/logo\/image\/","url":"https:\/\/www.citystar.ma\/ar\/wp-content\/uploads\/2024\/12\/cropped-logo-citystar.png","contentUrl":"https:\/\/www.citystar.ma\/ar\/wp-content\/uploads\/2024\/12\/cropped-logo-citystar.png","width":161,"height":215,"caption":"\u0633\u064a\u062a\u064a \u0633\u062a\u0627\u0631\u060c \u0627\u0644\u0641\u0644\u0644 \u0627\u0644\u0641\u0627\u062e\u0631\u0629 \u0641\u064a \u0645\u0631\u0627\u0643\u0634"},"image":{"@id":"https:\/\/www.citystar.ma\/ar\/#\/schema\/logo\/image\/"}}]}},"_links":{"self":[{"href":"https:\/\/www.citystar.ma\/ar\/wp-json\/wp\/v2\/pages\/4047","targetHints":{"allow":["GET"]}}],"collection":[{"href":"https:\/\/www.citystar.ma\/ar\/wp-json\/wp\/v2\/pages"}],"about":[{"href":"https:\/\/www.citystar.ma\/ar\/wp-json\/wp\/v2\/types\/page"}],"author":[{"embeddable":true,"href":"https:\/\/www.citystar.ma\/ar\/wp-json\/wp\/v2\/users\/1"}],"replies":[{"embeddable":true,"href":"https:\/\/www.citystar.ma\/ar\/wp-json\/wp\/v2\/comments?post=4047"}],"version-history":[{"count":21,"href":"https:\/\/www.citystar.ma\/ar\/wp-json\/wp\/v2\/pages\/4047\/revisions"}],"predecessor-version":[{"id":4566,"href":"https:\/\/www.citystar.ma\/ar\/wp-json\/wp\/v2\/pages\/4047\/revisions\/4566"}],"wp:attachment":[{"href":"https:\/\/www.citystar.ma\/ar\/wp-json\/wp\/v2\/media?parent=4047"}],"curies":[{"name":"wp","href":"https:\/\/api.w.org\/{rel}","templated":true}]}}