{"id":2133,"date":"2020-05-28T09:03:03","date_gmt":"2020-05-28T09:03:03","guid":{"rendered":"https:\/\/hendon.qodeinteractive.com\/?page_id=2133"},"modified":"2025-04-07T11:47:38","modified_gmt":"2025-04-07T09:47:38","slug":"%d8%a7%d9%84%d9%81%d9%84%d9%84","status":"publish","type":"page","link":"https:\/\/www.citystar.ma\/ar\/%d8%a7%d9%84%d9%81%d9%84%d9%84\/","title":{"rendered":"\u0627\u0644\u0641\u0644\u0644"},"content":{"rendered":"\t\t<div data-elementor-type=\"wp-page\" data-elementor-id=\"2133\" class=\"elementor elementor-2133\">\n\t\t\t\t<div class=\"elementor-element elementor-element-732dee6 e-flex e-con-boxed e-con e-parent\" data-id=\"732dee6\" data-element_type=\"container\">\n\t\t\t\t\t<div class=\"e-con-inner\">\n\t\t<div class=\"elementor-element elementor-element-36782c9 e-con-full e-flex e-con e-child\" data-id=\"36782c9\" data-element_type=\"container\">\n\t\t<div class=\"elementor-element elementor-element-a424755 e-con-full e-flex e-con e-child\" data-id=\"a424755\" data-element_type=\"container\">\n\t\t<div class=\"elementor-element elementor-element-4e0a1f1 e-con-full e-flex e-con e-child\" data-id=\"4e0a1f1\" data-element_type=\"container\">\n\t\t\t\t<div class=\"elementor-element elementor-element-43e5bcb animated-fast elementor-invisible elementor-widget elementor-widget-image\" data-id=\"43e5bcb\" data-element_type=\"widget\" data-settings=\"{&quot;_animation&quot;:&quot;fadeIn&quot;,&quot;_animation_delay&quot;:600}\" data-widget_type=\"image.default\">\n\t\t\t\t<div class=\"elementor-widget-container\">\n\t\t\t\t\t\t\t\t\t\t\t\t\t\t\t\t<a href=\"https:\/\/www.citystar.ma\/ar\/\u0641\u0644\u0644-\u0641\u0627\u062e\u0631\u0629\/c-\u0641\u0644\u0644-\u0646\u0648\u0639\/\">\n\t\t\t\t\t\t\t<img fetchpriority=\"high\" decoding=\"async\" width=\"650\" height=\"900\" src=\"https:\/\/www.citystar.ma\/ar\/wp-content\/uploads\/2020\/05\/citystar-650x900.jpeg\" class=\"attachment-qi_addons_for_elementor_image_size_portrait size-qi_addons_for_elementor_image_size_portrait wp-image-3295\" alt=\"\" \/>\t\t\t\t\t\t\t\t<\/a>\n\t\t\t\t\t\t\t\t\t\t\t\t\t\t\t<\/div>\n\t\t\t\t<\/div>\n\t\t\t\t<div class=\"elementor-element elementor-element-064cefa elementor-widget elementor-widget-heading\" data-id=\"064cefa\" data-element_type=\"widget\" data-widget_type=\"heading.default\">\n\t\t\t\t<div class=\"elementor-widget-container\">\n\t\t\t\t\t<h3 class=\"elementor-heading-title elementor-size-default\"><a href=\"https:\/\/www.citystar.ma\/ar\/\u0641\u0644\u0644-\u0641\u0627\u062e\u0631\u0629\/c-\u0641\u0644\u0644-\u0646\u0648\u0639\/\">  C \u0641\u064a\u0644\u0627 \u0645\u0646 \u0627\u0644\u0646\u0648\u0639 <\/a><\/h3>\t\t\t\t<\/div>\n\t\t\t\t<\/div>\n\t\t\t\t<div class=\"elementor-element elementor-element-8c1ccbc elementor-widget elementor-widget-text-editor\" data-id=\"8c1ccbc\" data-element_type=\"widget\" data-widget_type=\"text-editor.default\">\n\t\t\t\t<div class=\"elementor-widget-container\">\n\t\t\t\t\t\t\t\t\t<p>\u0645\u0646\u0627\u0633\u0628\u0629 \u0644\u0644\u0645\u0642\u064a\u0645\u064a\u0646 \u0627\u0644\u0645\u0645\u064a\u0632\u064a\u0646. \u0623\u0639\u0644\u0649 \u0627\u0644\u0645\u0639\u0627\u064a\u064a\u0631 \u0627\u0644\u0645\u0639\u0645\u0627\u0631\u064a\u0629\u060c \u0628\u0627\u0633\u062a\u062e\u062f\u0627\u0645 \u0645\u0648\u0627\u062f \u0639\u0627\u0644\u064a\u0629 \u0627\u0644\u062c\u0648\u062f\u0629 \u0648\u062a\u0635\u0645\u064a\u0645 \u0630\u0643\u064a.<\/p>\t\t\t\t\t\t\t\t<\/div>\n\t\t\t\t<\/div>\n\t\t\t\t<div class=\"elementor-element elementor-element-f2ceb77 elementor-widget elementor-widget-text-editor\" data-id=\"f2ceb77\" data-element_type=\"widget\" data-widget_type=\"text-editor.default\">\n\t\t\t\t<div class=\"elementor-widget-container\">\n\t\t\t\t\t\t\t\t\t<p><a style=\"color: #d1b786;\" href=\"https:\/\/www.citystar.ma\/ar\/\u0641\u0644\u0644-\u0641\u0627\u062e\u0631\u0629\/c-\u0641\u0644\u0644-\u0646\u0648\u0639\/\" data-wplink-edit=\"true\">\u0634\u0627\u0647\u062f \u0627\u0644\u0645\u0632\u064a\u062f<\/a><\/p>\t\t\t\t\t\t\t\t<\/div>\n\t\t\t\t<\/div>\n\t\t\t\t<\/div>\n\t\t<div class=\"elementor-element elementor-element-fef35eb e-con-full e-flex e-con e-child\" data-id=\"fef35eb\" data-element_type=\"container\">\n\t\t\t\t<div class=\"elementor-element elementor-element-950be51 animated-fast elementor-invisible elementor-widget elementor-widget-image\" data-id=\"950be51\" data-element_type=\"widget\" data-settings=\"{&quot;_animation&quot;:&quot;fadeIn&quot;,&quot;_animation_delay&quot;:400}\" data-widget_type=\"image.default\">\n\t\t\t\t<div class=\"elementor-widget-container\">\n\t\t\t\t\t\t\t\t\t\t\t\t\t\t\t\t<a href=\"https:\/\/www.citystar.ma\/ar\/\u0641\u0644\u0644-\u0641\u0627\u062e\u0631\u0629\/b-\u0641\u0644\u0644-\u0646\u0648\u0639\/\">\n\t\t\t\t\t\t\t<img decoding=\"async\" width=\"650\" height=\"900\" src=\"https:\/\/www.citystar.ma\/ar\/wp-content\/uploads\/2020\/05\/WhatsApp-Image-2024-12-07-at-10.12.21-2-650x900.jpeg\" class=\"attachment-qi_addons_for_elementor_image_size_portrait size-qi_addons_for_elementor_image_size_portrait wp-image-3296\" alt=\"\" \/>\t\t\t\t\t\t\t\t<\/a>\n\t\t\t\t\t\t\t\t\t\t\t\t\t\t\t<\/div>\n\t\t\t\t<\/div>\n\t\t\t\t<div class=\"elementor-element elementor-element-8c26788 elementor-widget elementor-widget-heading\" data-id=\"8c26788\" data-element_type=\"widget\" data-widget_type=\"heading.default\">\n\t\t\t\t<div class=\"elementor-widget-container\">\n\t\t\t\t\t<h3 class=\"elementor-heading-title elementor-size-default\"><a href=\"https:\/\/www.citystar.ma\/ar\/\u0641\u0644\u0644-\u0641\u0627\u062e\u0631\u0629\/b-\u0641\u0644\u0644-\u0646\u0648\u0639\/\">B \u0641\u064a\u0644\u0627 \u0645\u0646 \u0627\u0644\u0646\u0648\u0639   <\/a><\/h3>\t\t\t\t<\/div>\n\t\t\t\t<\/div>\n\t\t\t\t<div class=\"elementor-element elementor-element-f0c3646 elementor-widget elementor-widget-text-editor\" data-id=\"f0c3646\" data-element_type=\"widget\" data-widget_type=\"text-editor.default\">\n\t\t\t\t<div class=\"elementor-widget-container\">\n\t\t\t\t\t\t\t\t\t<p>\u0645\u0646\u0627\u0633\u0628\u0629 \u0644\u0644\u0645\u0642\u064a\u0645\u064a\u0646 \u0627\u0644\u0645\u0645\u064a\u0632\u064a\u0646. \u064a\u062a\u0645 \u062a\u0637\u0628\u064a\u0642 \u0623\u0639\u0644\u0649 \u0627\u0644\u0645\u0639\u0627\u064a\u064a\u0631 \u0627\u0644\u0645\u0639\u0645\u0627\u0631\u064a\u0629 \u0628\u0627\u0633\u062a\u062e\u062f\u0627\u0645 \u0645\u0648\u0627\u062f \u0639\u0627\u0644\u064a\u0629 \u0627\u0644\u062c\u0648\u062f\u0629 \u0648\u062a\u0635\u0645\u064a\u0645 \u0630\u0643\u064a.<\/p>\t\t\t\t\t\t\t\t<\/div>\n\t\t\t\t<\/div>\n\t\t\t\t<div class=\"elementor-element elementor-element-7ba0708 elementor-widget elementor-widget-text-editor\" data-id=\"7ba0708\" data-element_type=\"widget\" data-widget_type=\"text-editor.default\">\n\t\t\t\t<div class=\"elementor-widget-container\">\n\t\t\t\t\t\t\t\t\t<p><a style=\"color: #d1b786;\" href=\"https:\/\/www.citystar.ma\/ar\/\u0641\u0644\u0644-\u0641\u0627\u062e\u0631\u0629\/b-\u0641\u0644\u0644-\u0646\u0648\u0639\/\">\u0634\u0627\u0647\u062f \u0627\u0644\u0645\u0632\u064a\u062f<\/a><\/p>\t\t\t\t\t\t\t\t<\/div>\n\t\t\t\t<\/div>\n\t\t\t\t<\/div>\n\t\t<div class=\"elementor-element elementor-element-4394320 e-con-full e-flex e-con e-child\" data-id=\"4394320\" data-element_type=\"container\">\n\t\t\t\t<div class=\"elementor-element elementor-element-2019e0b animated-fast elementor-invisible elementor-widget elementor-widget-image\" data-id=\"2019e0b\" data-element_type=\"widget\" data-settings=\"{&quot;_animation&quot;:&quot;fadeIn&quot;,&quot;_animation_delay&quot;:200}\" data-widget_type=\"image.default\">\n\t\t\t\t<div class=\"elementor-widget-container\">\n\t\t\t\t\t\t\t\t\t\t\t\t\t\t\t\t<a href=\"https:\/\/www.citystar.ma\/ar\/\u0641\u0644\u0644-\u0641\u0627\u062e\u0631\u0629\/a-\u0641\u0644\u0644-\u0646\u0648\u0639\/\">\n\t\t\t\t\t\t\t<img decoding=\"async\" width=\"650\" height=\"900\" src=\"https:\/\/www.citystar.ma\/ar\/wp-content\/uploads\/2024\/12\/WhatsApp-Image-2024-12-26-at-09.11.13-650x900.jpeg\" class=\"attachment-qi_addons_for_elementor_image_size_portrait size-qi_addons_for_elementor_image_size_portrait wp-image-3289\" alt=\"\" \/>\t\t\t\t\t\t\t\t<\/a>\n\t\t\t\t\t\t\t\t\t\t\t\t\t\t\t<\/div>\n\t\t\t\t<\/div>\n\t\t\t\t<div class=\"elementor-element elementor-element-8367586 elementor-widget elementor-widget-heading\" data-id=\"8367586\" data-element_type=\"widget\" data-widget_type=\"heading.default\">\n\t\t\t\t<div class=\"elementor-widget-container\">\n\t\t\t\t\t<h3 class=\"elementor-heading-title elementor-size-default\"><a href=\"https:\/\/www.citystar.ma\/ar\/\u0641\u0644\u0644-\u0641\u0627\u062e\u0631\u0629\/a-\u0641\u0644\u0644-\u0646\u0648\u0639\/\">A \u0641\u064a\u0644\u0627 \u0645\u0646 \u0627\u0644\u0646\u0648\u0639<\/a><\/h3>\t\t\t\t<\/div>\n\t\t\t\t<\/div>\n\t\t\t\t<div class=\"elementor-element elementor-element-28e64f1 elementor-widget elementor-widget-text-editor\" data-id=\"28e64f1\" data-element_type=\"widget\" data-widget_type=\"text-editor.default\">\n\t\t\t\t<div class=\"elementor-widget-container\">\n\t\t\t\t\t\t\t\t\t<p>\u0645\u0635\u0645\u0645\u0629 \u0644\u0644\u0645\u0642\u064a\u0645\u064a\u0646 \u0645\u0646 \u0630\u0648\u064a \u0627\u0644\u0627\u062d\u062a\u064a\u0627\u062c\u0627\u062a \u0627\u0644\u062e\u0627\u0635\u0629 \u0627\u0644\u0630\u064a\u0646 \u064a\u062d\u062a\u0627\u062c\u0648\u0646 \u0625\u0644\u0649 \u0645\u0631\u0627\u0641\u0642 \u062e\u0627\u0635\u0629 \u0645\u062b\u0644 \u0627\u0644\u0645\u0635\u0627\u0639\u062f \u0648\u0627\u0644\u062d\u0645\u0627\u0645\u0627\u062a \u0627\u0644\u062a\u064a \u064a\u0633\u0647\u0644 \u0627\u0644\u0648\u0635\u0648\u0644 \u0625\u0644\u064a\u0647\u0627 \u0648\u0627\u0644\u062a\u0635\u0645\u064a\u0645\u0627\u062a \u0627\u0644\u062f\u0627\u062e\u0644\u064a\u0629 \u0627\u0644\u0641\u0633\u064a\u062d\u0629 \u0627\u0644\u062a\u064a \u062a\u062a\u064a\u062d \u0627\u0644\u062a\u0646\u0642\u0644 \u0628\u0627\u0644\u0643\u0631\u0627\u0633\u064a \u0627\u0644\u0645\u062a\u062d\u0631\u0643\u0629<\/p>\t\t\t\t\t\t\t\t<\/div>\n\t\t\t\t<\/div>\n\t\t\t\t<div class=\"elementor-element elementor-element-dd49cc0 elementor-widget elementor-widget-text-editor\" data-id=\"dd49cc0\" data-element_type=\"widget\" data-widget_type=\"text-editor.default\">\n\t\t\t\t<div class=\"elementor-widget-container\">\n\t\t\t\t\t\t\t\t\t<p><a style=\"color: #d1b786;\" href=\"https:\/\/www.citystar.ma\/ar\/\u0641\u0644\u0644-\u0641\u0627\u062e\u0631\u0629\/a-\u0641\u0644\u0644-\u0646\u0648\u0639\/\">\u0634\u0627\u0647\u062f \u0627\u0644\u0645\u0632\u064a\u062f<\/a><\/p>\t\t\t\t\t\t\t\t<\/div>\n\t\t\t\t<\/div>\n\t\t\t\t<\/div>\n\t\t\t\t<\/div>\n\t\t\t\t<\/div>\n\t\t\t\t\t<\/div>\n\t\t\t\t<\/div>\n\t\t\t\t<\/div>\n\t\t","protected":false},"excerpt":{"rendered":"<p>C \u0641\u064a\u0644\u0627 \u0645\u0646 \u0627\u0644\u0646\u0648\u0639 \u0645\u0646\u0627\u0633\u0628\u0629 \u0644\u0644\u0645\u0642\u064a\u0645\u064a\u0646 \u0627\u0644\u0645\u0645\u064a\u0632\u064a\u0646. \u0623\u0639\u0644\u0649 \u0627\u0644\u0645\u0639\u0627\u064a\u064a\u0631 \u0627\u0644\u0645\u0639\u0645\u0627\u0631\u064a\u0629\u060c \u0628\u0627\u0633\u062a\u062e\u062f\u0627\u0645 \u0645\u0648\u0627\u062f \u0639\u0627\u0644\u064a\u0629 \u0627\u0644\u062c\u0648\u062f\u0629 \u0648\u062a\u0635\u0645\u064a\u0645 \u0630\u0643\u064a. \u0634\u0627\u0647\u062f \u0627\u0644\u0645\u0632\u064a\u062f B \u0641\u064a\u0644\u0627 \u0645\u0646 \u0627\u0644\u0646\u0648\u0639 \u0645\u0646\u0627\u0633\u0628\u0629 \u0644\u0644\u0645\u0642\u064a\u0645\u064a\u0646 \u0627\u0644\u0645\u0645\u064a\u0632\u064a\u0646. \u064a\u062a\u0645 \u062a\u0637\u0628\u064a\u0642 \u0623\u0639\u0644\u0649 \u0627\u0644\u0645\u0639\u0627\u064a\u064a\u0631 \u0627\u0644\u0645\u0639\u0645\u0627\u0631\u064a\u0629 \u0628\u0627\u0633\u062a\u062e\u062f\u0627\u0645 \u0645\u0648\u0627\u062f \u0639\u0627\u0644\u064a\u0629 \u0627\u0644\u062c\u0648\u062f\u0629 \u0648\u062a\u0635\u0645\u064a\u0645 \u0630\u0643\u064a. \u0634\u0627\u0647\u062f \u0627\u0644\u0645\u0632\u064a\u062f A \u0641\u064a\u0644\u0627 \u0645\u0646 \u0627\u0644\u0646\u0648\u0639 \u0645\u0635\u0645\u0645\u0629 \u0644\u0644\u0645\u0642\u064a\u0645\u064a\u0646 \u0645\u0646 \u0630\u0648\u064a \u0627\u0644\u0627\u062d\u062a\u064a\u0627\u062c\u0627\u062a \u0627\u0644\u062e\u0627\u0635\u0629 \u0627\u0644\u0630\u064a\u0646 \u064a\u062d\u062a\u0627\u062c\u0648\u0646 \u0625\u0644\u0649 \u0645\u0631\u0627\u0641\u0642 \u062e\u0627\u0635\u0629 \u0645\u062b\u0644 \u0627\u0644\u0645\u0635\u0627\u0639\u062f [&hellip;]<\/p>\n","protected":false},"author":1,"featured_media":0,"parent":0,"menu_order":0,"comment_status":"closed","ping_status":"closed","template":"page-full-width.php","meta":{"footnotes":""},"class_list":["post-2133","page","type-page","status-publish","hentry"],"yoast_head":"<!-- This site is optimized with the Yoast SEO plugin v24.9 - https:\/\/yoast.com\/wordpress\/plugins\/seo\/ -->\n<title>Villa spacieuse pr\u00e8s de Marrakech \u00e0 vendre avec jardin et piscine | CITYSTAR<\/title>\n<meta name=\"description\" content=\"Villa bijoux de 2000 m\u00b2 situ\u00e9e \u00e0 moins de 35 minutes de Marrakech, avec 4 \u00e0 5 chambres, un grand jardin, une piscine, nich\u00e9e dans une r\u00e9sidence priv\u00e9e et s\u00e9curis\u00e9e,\" \/>\n<meta name=\"robots\" content=\"index, follow, max-snippet:-1, max-image-preview:large, max-video-preview:-1\" \/>\n<link rel=\"canonical\" href=\"https:\/\/www.citystar.ma\/ar\/\u0627\u0644\u0641\u0644\u0644\/\" \/>\n<meta property=\"og:locale\" content=\"fr_FR\" \/>\n<meta property=\"og:type\" content=\"article\" \/>\n<meta property=\"og:title\" content=\"Villa de Luxe \u00e0 Marrakech \u00e0 vendre avec 5 Chambres, Bureau, Piscine, Ascenseur | CITYSTAR\" \/>\n<meta property=\"og:description\" content=\"Cette villa moderne \u00e0 Marrakech \u00e0 vendre contient 5 suites+dressing+SDB, bureau, piscine, ascenseur et parking priv\u00e9. Un confort et un style de vie incomparables.\" \/>\n<meta property=\"og:url\" content=\"https:\/\/www.citystar.ma\/ar\/\u0627\u0644\u0641\u0644\u0644\/\" \/>\n<meta property=\"og:site_name\" content=\"\u0633\u064a\u062a\u064a \u0633\u062a\u0627\u0631\u060c \u0627\u0644\u0641\u0644\u0644 \u0627\u0644\u0641\u0627\u062e\u0631\u0629 \u0641\u064a \u0645\u0631\u0627\u0643\u0634\" \/>\n<meta property=\"article:modified_time\" content=\"2025-04-07T09:47:38+00:00\" \/>\n<meta property=\"og:image\" content=\"https:\/\/www.citystar.ma\/ar\/wp-content\/uploads\/2020\/05\/citystar-650x900.jpeg\" \/>\n<meta name=\"twitter:card\" content=\"summary_large_image\" \/>\n<meta name=\"twitter:label1\" content=\"Dur\u00e9e de lecture estim\u00e9e\" \/>\n\t<meta name=\"twitter:data1\" content=\"2 minutes\" \/>\n<script type=\"application\/ld+json\" class=\"yoast-schema-graph\">{\"@context\":\"https:\/\/schema.org\",\"@graph\":[{\"@type\":\"WebPage\",\"@id\":\"https:\/\/www.citystar.ma\/ar\/%d8%a7%d9%84%d9%81%d9%84%d9%84\/\",\"url\":\"https:\/\/www.citystar.ma\/ar\/%d8%a7%d9%84%d9%81%d9%84%d9%84\/\",\"name\":\"Villa spacieuse pr\u00e8s de Marrakech \u00e0 vendre avec jardin et piscine | CITYSTAR\",\"isPartOf\":{\"@id\":\"https:\/\/www.citystar.ma\/ar\/#website\"},\"primaryImageOfPage\":{\"@id\":\"https:\/\/www.citystar.ma\/ar\/%d8%a7%d9%84%d9%81%d9%84%d9%84\/#primaryimage\"},\"image\":{\"@id\":\"https:\/\/www.citystar.ma\/ar\/%d8%a7%d9%84%d9%81%d9%84%d9%84\/#primaryimage\"},\"thumbnailUrl\":\"https:\/\/www.citystar.ma\/ar\/wp-content\/uploads\/2020\/05\/citystar-650x900.jpeg\",\"datePublished\":\"2020-05-28T09:03:03+00:00\",\"dateModified\":\"2025-04-07T09:47:38+00:00\",\"description\":\"Villa bijoux de 2000 m\u00b2 situ\u00e9e \u00e0 moins de 35 minutes de Marrakech, avec 4 \u00e0 5 chambres, un grand jardin, une piscine, nich\u00e9e dans une r\u00e9sidence priv\u00e9e et s\u00e9curis\u00e9e,\",\"breadcrumb\":{\"@id\":\"https:\/\/www.citystar.ma\/ar\/%d8%a7%d9%84%d9%81%d9%84%d9%84\/#breadcrumb\"},\"inLanguage\":\"fr-FR\",\"potentialAction\":[{\"@type\":\"ReadAction\",\"target\":[\"https:\/\/www.citystar.ma\/ar\/%d8%a7%d9%84%d9%81%d9%84%d9%84\/\"]}]},{\"@type\":\"ImageObject\",\"inLanguage\":\"fr-FR\",\"@id\":\"https:\/\/www.citystar.ma\/ar\/%d8%a7%d9%84%d9%81%d9%84%d9%84\/#primaryimage\",\"url\":\"https:\/\/www.citystar.ma\/ar\/wp-content\/uploads\/2020\/05\/citystar-650x900.jpeg\",\"contentUrl\":\"https:\/\/www.citystar.ma\/ar\/wp-content\/uploads\/2020\/05\/citystar-650x900.jpeg\"},{\"@type\":\"BreadcrumbList\",\"@id\":\"https:\/\/www.citystar.ma\/ar\/%d8%a7%d9%84%d9%81%d9%84%d9%84\/#breadcrumb\",\"itemListElement\":[{\"@type\":\"ListItem\",\"position\":1,\"name\":\"Accueil\",\"item\":\"https:\/\/www.citystar.ma\/ar\/\"},{\"@type\":\"ListItem\",\"position\":2,\"name\":\"\u0627\u0644\u0641\u0644\u0644\"}]},{\"@type\":\"WebSite\",\"@id\":\"https:\/\/www.citystar.ma\/ar\/#website\",\"url\":\"https:\/\/www.citystar.ma\/ar\/\",\"name\":\"\u0633\u064a\u062a\u064a \u0633\u062a\u0627\u0631\u060c \u0627\u0644\u0641\u0644\u0644 \u0627\u0644\u0641\u0627\u062e\u0631\u0629 \u0641\u064a \u0645\u0631\u0627\u0643\u0634\",\"description\":\"\u0633\u064a\u062a\u064a-\u0633\u062a\u0627\u0631\",\"publisher\":{\"@id\":\"https:\/\/www.citystar.ma\/ar\/#organization\"},\"potentialAction\":[{\"@type\":\"SearchAction\",\"target\":{\"@type\":\"EntryPoint\",\"urlTemplate\":\"https:\/\/www.citystar.ma\/ar\/?s={search_term_string}\"},\"query-input\":{\"@type\":\"PropertyValueSpecification\",\"valueRequired\":true,\"valueName\":\"search_term_string\"}}],\"inLanguage\":\"fr-FR\"},{\"@type\":\"Organization\",\"@id\":\"https:\/\/www.citystar.ma\/ar\/#organization\",\"name\":\"\u0633\u064a\u062a\u064a \u0633\u062a\u0627\u0631\u060c \u0627\u0644\u0641\u0644\u0644 \u0627\u0644\u0641\u0627\u062e\u0631\u0629 \u0641\u064a \u0645\u0631\u0627\u0643\u0634\",\"url\":\"https:\/\/www.citystar.ma\/ar\/\",\"logo\":{\"@type\":\"ImageObject\",\"inLanguage\":\"fr-FR\",\"@id\":\"https:\/\/www.citystar.ma\/ar\/#\/schema\/logo\/image\/\",\"url\":\"https:\/\/www.citystar.ma\/ar\/wp-content\/uploads\/2024\/12\/cropped-logo-citystar.png\",\"contentUrl\":\"https:\/\/www.citystar.ma\/ar\/wp-content\/uploads\/2024\/12\/cropped-logo-citystar.png\",\"width\":161,\"height\":215,\"caption\":\"\u0633\u064a\u062a\u064a \u0633\u062a\u0627\u0631\u060c \u0627\u0644\u0641\u0644\u0644 \u0627\u0644\u0641\u0627\u062e\u0631\u0629 \u0641\u064a \u0645\u0631\u0627\u0643\u0634\"},\"image\":{\"@id\":\"https:\/\/www.citystar.ma\/ar\/#\/schema\/logo\/image\/\"}}]}<\/script>\n<!-- \/ Yoast SEO plugin. -->","yoast_head_json":{"title":"Villa spacieuse pr\u00e8s de Marrakech \u00e0 vendre avec jardin et piscine | CITYSTAR","description":"Villa bijoux de 2000 m\u00b2 situ\u00e9e \u00e0 moins de 35 minutes de Marrakech, avec 4 \u00e0 5 chambres, un grand jardin, une piscine, nich\u00e9e dans une r\u00e9sidence priv\u00e9e et s\u00e9curis\u00e9e,","robots":{"index":"index","follow":"follow","max-snippet":"max-snippet:-1","max-image-preview":"max-image-preview:large","max-video-preview":"max-video-preview:-1"},"canonical":"https:\/\/www.citystar.ma\/ar\/\u0627\u0644\u0641\u0644\u0644\/","og_locale":"fr_FR","og_type":"article","og_title":"Villa de Luxe \u00e0 Marrakech \u00e0 vendre avec 5 Chambres, Bureau, Piscine, Ascenseur | CITYSTAR","og_description":"Cette villa moderne \u00e0 Marrakech \u00e0 vendre contient 5 suites+dressing+SDB, bureau, piscine, ascenseur et parking priv\u00e9. Un confort et un style de vie incomparables.","og_url":"https:\/\/www.citystar.ma\/ar\/\u0627\u0644\u0641\u0644\u0644\/","og_site_name":"\u0633\u064a\u062a\u064a \u0633\u062a\u0627\u0631\u060c \u0627\u0644\u0641\u0644\u0644 \u0627\u0644\u0641\u0627\u062e\u0631\u0629 \u0641\u064a \u0645\u0631\u0627\u0643\u0634","article_modified_time":"2025-04-07T09:47:38+00:00","og_image":[{"url":"https:\/\/www.citystar.ma\/ar\/wp-content\/uploads\/2020\/05\/citystar-650x900.jpeg","type":"","width":"","height":""}],"twitter_card":"summary_large_image","twitter_misc":{"Dur\u00e9e de lecture estim\u00e9e":"2 minutes"},"schema":{"@context":"https:\/\/schema.org","@graph":[{"@type":"WebPage","@id":"https:\/\/www.citystar.ma\/ar\/%d8%a7%d9%84%d9%81%d9%84%d9%84\/","url":"https:\/\/www.citystar.ma\/ar\/%d8%a7%d9%84%d9%81%d9%84%d9%84\/","name":"Villa spacieuse pr\u00e8s de Marrakech \u00e0 vendre avec jardin et piscine | CITYSTAR","isPartOf":{"@id":"https:\/\/www.citystar.ma\/ar\/#website"},"primaryImageOfPage":{"@id":"https:\/\/www.citystar.ma\/ar\/%d8%a7%d9%84%d9%81%d9%84%d9%84\/#primaryimage"},"image":{"@id":"https:\/\/www.citystar.ma\/ar\/%d8%a7%d9%84%d9%81%d9%84%d9%84\/#primaryimage"},"thumbnailUrl":"https:\/\/www.citystar.ma\/ar\/wp-content\/uploads\/2020\/05\/citystar-650x900.jpeg","datePublished":"2020-05-28T09:03:03+00:00","dateModified":"2025-04-07T09:47:38+00:00","description":"Villa bijoux de 2000 m\u00b2 situ\u00e9e \u00e0 moins de 35 minutes de Marrakech, avec 4 \u00e0 5 chambres, un grand jardin, une piscine, nich\u00e9e dans une r\u00e9sidence priv\u00e9e et s\u00e9curis\u00e9e,","breadcrumb":{"@id":"https:\/\/www.citystar.ma\/ar\/%d8%a7%d9%84%d9%81%d9%84%d9%84\/#breadcrumb"},"inLanguage":"fr-FR","potentialAction":[{"@type":"ReadAction","target":["https:\/\/www.citystar.ma\/ar\/%d8%a7%d9%84%d9%81%d9%84%d9%84\/"]}]},{"@type":"ImageObject","inLanguage":"fr-FR","@id":"https:\/\/www.citystar.ma\/ar\/%d8%a7%d9%84%d9%81%d9%84%d9%84\/#primaryimage","url":"https:\/\/www.citystar.ma\/ar\/wp-content\/uploads\/2020\/05\/citystar-650x900.jpeg","contentUrl":"https:\/\/www.citystar.ma\/ar\/wp-content\/uploads\/2020\/05\/citystar-650x900.jpeg"},{"@type":"BreadcrumbList","@id":"https:\/\/www.citystar.ma\/ar\/%d8%a7%d9%84%d9%81%d9%84%d9%84\/#breadcrumb","itemListElement":[{"@type":"ListItem","position":1,"name":"Accueil","item":"https:\/\/www.citystar.ma\/ar\/"},{"@type":"ListItem","position":2,"name":"\u0627\u0644\u0641\u0644\u0644"}]},{"@type":"WebSite","@id":"https:\/\/www.citystar.ma\/ar\/#website","url":"https:\/\/www.citystar.ma\/ar\/","name":"\u0633\u064a\u062a\u064a \u0633\u062a\u0627\u0631\u060c \u0627\u0644\u0641\u0644\u0644 \u0627\u0644\u0641\u0627\u062e\u0631\u0629 \u0641\u064a \u0645\u0631\u0627\u0643\u0634","description":"\u0633\u064a\u062a\u064a-\u0633\u062a\u0627\u0631","publisher":{"@id":"https:\/\/www.citystar.ma\/ar\/#organization"},"potentialAction":[{"@type":"SearchAction","target":{"@type":"EntryPoint","urlTemplate":"https:\/\/www.citystar.ma\/ar\/?s={search_term_string}"},"query-input":{"@type":"PropertyValueSpecification","valueRequired":true,"valueName":"search_term_string"}}],"inLanguage":"fr-FR"},{"@type":"Organization","@id":"https:\/\/www.citystar.ma\/ar\/#organization","name":"\u0633\u064a\u062a\u064a \u0633\u062a\u0627\u0631\u060c \u0627\u0644\u0641\u0644\u0644 \u0627\u0644\u0641\u0627\u062e\u0631\u0629 \u0641\u064a \u0645\u0631\u0627\u0643\u0634","url":"https:\/\/www.citystar.ma\/ar\/","logo":{"@type":"ImageObject","inLanguage":"fr-FR","@id":"https:\/\/www.citystar.ma\/ar\/#\/schema\/logo\/image\/","url":"https:\/\/www.citystar.ma\/ar\/wp-content\/uploads\/2024\/12\/cropped-logo-citystar.png","contentUrl":"https:\/\/www.citystar.ma\/ar\/wp-content\/uploads\/2024\/12\/cropped-logo-citystar.png","width":161,"height":215,"caption":"\u0633\u064a\u062a\u064a \u0633\u062a\u0627\u0631\u060c \u0627\u0644\u0641\u0644\u0644 \u0627\u0644\u0641\u0627\u062e\u0631\u0629 \u0641\u064a \u0645\u0631\u0627\u0643\u0634"},"image":{"@id":"https:\/\/www.citystar.ma\/ar\/#\/schema\/logo\/image\/"}}]}},"_links":{"self":[{"href":"https:\/\/www.citystar.ma\/ar\/wp-json\/wp\/v2\/pages\/2133","targetHints":{"allow":["GET"]}}],"collection":[{"href":"https:\/\/www.citystar.ma\/ar\/wp-json\/wp\/v2\/pages"}],"about":[{"href":"https:\/\/www.citystar.ma\/ar\/wp-json\/wp\/v2\/types\/page"}],"author":[{"embeddable":true,"href":"https:\/\/www.citystar.ma\/ar\/wp-json\/wp\/v2\/users\/1"}],"replies":[{"embeddable":true,"href":"https:\/\/www.citystar.ma\/ar\/wp-json\/wp\/v2\/comments?post=2133"}],"version-history":[{"count":34,"href":"https:\/\/www.citystar.ma\/ar\/wp-json\/wp\/v2\/pages\/2133\/revisions"}],"predecessor-version":[{"id":4892,"href":"https:\/\/www.citystar.ma\/ar\/wp-json\/wp\/v2\/pages\/2133\/revisions\/4892"}],"wp:attachment":[{"href":"https:\/\/www.citystar.ma\/ar\/wp-json\/wp\/v2\/media?parent=2133"}],"curies":[{"name":"wp","href":"https:\/\/api.w.org\/{rel}","templated":true}]}}