{"id":1266,"date":"2020-05-13T07:30:38","date_gmt":"2020-05-13T07:30:38","guid":{"rendered":"https:\/\/hendon.qodeinteractive.com\/?page_id=1266"},"modified":"2025-03-12T11:42:57","modified_gmt":"2025-03-12T10:42:57","slug":"%d8%aa%d9%88%d8%a7%d8%b5%d9%84-%d9%85%d8%b9%d9%86%d8%a7","status":"publish","type":"page","link":"https:\/\/www.citystar.ma\/ar\/%d8%aa%d9%88%d8%a7%d8%b5%d9%84-%d9%85%d8%b9%d9%86%d8%a7\/","title":{"rendered":"\u062a\u0648\u0627\u0635\u0644 \u0645\u0639\u0646\u0627"},"content":{"rendered":"\t\t<div data-elementor-type=\"wp-page\" data-elementor-id=\"1266\" class=\"elementor elementor-1266\">\n\t\t\t\t\t\t<section class=\"elementor-section elementor-top-section elementor-element elementor-element-57fd994 elementor-section-full_width qodef-elementor-content-grid elementor-section-height-default elementor-section-height-default\" data-id=\"57fd994\" data-element_type=\"section\">\n\t\t\t\t\t\t<div class=\"elementor-container elementor-column-gap-no\">\n\t\t\t\t\t<div class=\"elementor-column elementor-col-50 elementor-top-column elementor-element elementor-element-19295c3\" data-id=\"19295c3\" data-element_type=\"column\">\n\t\t\t<div class=\"elementor-widget-wrap elementor-element-populated\">\n\t\t\t\t\t\t<div class=\"elementor-element elementor-element-d8e6d99 elementor-widget elementor-widget-wp-widget-hendon_core_contact_form_7\" data-id=\"d8e6d99\" data-element_type=\"widget\" data-widget_type=\"wp-widget-hendon_core_contact_form_7.default\">\n\t\t\t\t<div class=\"elementor-widget-container\">\n\t\t\t\t\t\t\t\t<div class=\"qodef-contact-form-7\">\n\t\t\t\t\n<div class=\"wpcf7 no-js\" id=\"wpcf7-f260-o1\" lang=\"en-US\" dir=\"ltr\" data-wpcf7-id=\"260\">\n<div class=\"screen-reader-response\"><p role=\"status\" aria-live=\"polite\" aria-atomic=\"true\"><\/p> <ul><\/ul><\/div>\n<form action=\"\/ar\/wp-json\/wp\/v2\/pages\/1266#wpcf7-f260-o1\" method=\"post\" class=\"wpcf7-form init\" aria-label=\"Contact form\" novalidate=\"novalidate\" data-status=\"init\">\n<div style=\"display: none;\">\n<input type=\"hidden\" name=\"_wpcf7\" value=\"260\" \/>\n<input type=\"hidden\" name=\"_wpcf7_version\" value=\"6.0.2\" \/>\n<input type=\"hidden\" name=\"_wpcf7_locale\" value=\"en_US\" \/>\n<input type=\"hidden\" name=\"_wpcf7_unit_tag\" value=\"wpcf7-f260-o1\" \/>\n<input type=\"hidden\" name=\"_wpcf7_container_post\" value=\"0\" \/>\n<input type=\"hidden\" name=\"_wpcf7_posted_data_hash\" value=\"\" \/>\n<\/div>\n<div class=\"qodef-main-cf7 qodef-grid qodef-layout--template\">\n<div class=\"qodef-grid-inner\">\n\n<div class=\"qodef-grid-item qodef-col--6\">\n    <input type=\"text\" id=\"nom\" name=\"nom\" placeholder=\"\u0627\u0644\u0646\u0633\u0628\" required>\n<\/div>\n<div class=\"qodef-grid-item qodef-col--6\">\n    <input type=\"text\" id=\"prenom\" name=\"prenom\" placeholder=\"\u0627\u0644\u0627\u0633\u0645 \u0627\u0644\u0623\u0648\u0644\" required>\n<\/div>\n\n<div class=\"qodef-grid-item qodef-col--6\">\n    <input type=\"email\" id=\"email\" name=\"email\" placeholder=\"\u0639\u0646\u0648\u0627\u0646 \u0627\u0644\u0628\u0631\u064a\u062f \u0627\u0644\u0625\u0644\u0643\u062a\u0631\u0648\u0646\u064a\" required>\n<\/div>\n<div class=\"qodef-grid-item qodef-col--6\">\n    <input type=\"tel\" id=\"telephone\" name=\"telephone\" placeholder=\"\u0631\u0642\u0645 \u0627\u0644\u0647\u0627\u062a\u0641\" required pattern=\"^\\+?[0-9]{1,4}?[-. ]?(\\([0-9]{1,3}\\)|[0-9]{1,4})[-. ]?[0-9]{1,4}[-. ]?[0-9]{1,4}[-. ]?[0-9]{1,9}$\">\n<\/div>\n\n\n<div class=\"qodef-grid-item qodef-col--6\">\n    <span class=\"wpcf7-form-control-wrap\" data-name=\"your-date\"><input class=\"wpcf7-form-control wpcf7-date wpcf7-validates-as-date\" min=\"1900-01-01\" max=\"2030-12-31\" aria-invalid=\"false\" value=\"\" type=\"date\" name=\"your-date\" \/><\/span>\n  <\/div>\n  <div class=\"qodef-grid-item qodef-col--6\">\n    <span class=\"wpcf7-form-control-wrap\" data-name=\"your-time\"><select class=\"wpcf7-form-control wpcf7-select\" aria-invalid=\"false\" name=\"your-time\"><option value=\"\u0627\u0644\u0648\u0642\u062a\">\u0627\u0644\u0648\u0642\u062a<\/option><option value=\"11:00\">11:00<\/option><option value=\"13:00\">13:00<\/option><option value=\"15:00\">15:00<\/option><\/select><\/span>\n  <\/div>\n<\/div>\n\n<div class=\"qodef-grid-item qodef-col--12\">\n<span class=\"wpcf7-form-control-wrap\" data-name=\"your-message\"><textarea cols=\"40\" rows=\"10\" maxlength=\"2000\" class=\"wpcf7-form-control wpcf7-textarea\" aria-invalid=\"false\" placeholder=\"\u062a\u0639\u0644\u064a\u0642\" name=\"your-message\"><\/textarea><\/span>\n<\/div>\n\n<div class=\"citystar qodef-grid-item qodef-col--12\">\n<button class=\"wpcf7-form-control wpcf7-submit qodef-button qodef-size--normal qodef-type--filled qodef-m\" type=\"submit\"><span class=\"qodef-m-text\">\u0625\u0631\u0633\u0627\u0644<\/span><\/button>\n<\/div>\n\n<\/div><p style=\"display: none !important;\" class=\"akismet-fields-container\" data-prefix=\"_wpcf7_ak_\"><label>&#916;<textarea name=\"_wpcf7_ak_hp_textarea\" cols=\"45\" rows=\"8\" maxlength=\"100\"><\/textarea><\/label><input type=\"hidden\" id=\"ak_js_1\" name=\"_wpcf7_ak_js\" value=\"22\"\/><script>document.getElementById( \"ak_js_1\" ).setAttribute( \"value\", ( new Date() ).getTime() );<\/script><\/p><div class=\"wpcf7-response-output\" aria-hidden=\"true\"><\/div>\n<\/form>\n<\/div>\n\t\t\t<\/div>\n\t\t\t\t\t\t\t<\/div>\n\t\t\t\t<\/div>\n\t\t\t\t\t<\/div>\n\t\t<\/div>\n\t\t\t\t<div class=\"elementor-column elementor-col-50 elementor-top-column elementor-element elementor-element-56766b6\" data-id=\"56766b6\" data-element_type=\"column\">\n\t\t\t<div class=\"elementor-widget-wrap elementor-element-populated\">\n\t\t\t\t\t\t<div class=\"elementor-element elementor-element-5e2e550 elementor-widget elementor-widget-hendon_core_stacked_images\" data-id=\"5e2e550\" data-element_type=\"widget\" data-widget_type=\"hendon_core_stacked_images.default\">\n\t\t\t\t<div class=\"elementor-widget-container\">\n\t\t\t\t\t<div class=\"qodef-shortcode qodef-m  qodef-stacked-images qodef-layout--default qodef-image-outline qodef-image-outline-left   qodef-stacked-image-right\">\n\t<div class=\"qodef-m-images\" >\n\t\t\t\t\n\t\t\t\t\t<div class=\"qodef-stack-image-holder\" style=\"left: 1%\">\n\t\t\t\t<div class=\"qodef-stack-image-holder-inner\">\n\t\t\t\t\t<div class=\"qodef-stack-image-img-holder\">\n\t\t\t\t\t<img fetchpriority=\"high\" decoding=\"async\" width=\"2048\" height=\"1536\" src=\"https:\/\/www.citystar.ma\/ar\/wp-content\/uploads\/2020\/05\/WhatsApp-Image-2025-01-04-at-09.21.43-2-1.jpeg\" class=\"qodef-e-image qodef--stack\" alt=\"\" srcset=\"https:\/\/www.citystar.ma\/ar\/wp-content\/uploads\/2020\/05\/WhatsApp-Image-2025-01-04-at-09.21.43-2-1.jpeg 2048w, https:\/\/www.citystar.ma\/ar\/wp-content\/uploads\/2020\/05\/WhatsApp-Image-2025-01-04-at-09.21.43-2-1-300x225.jpeg 300w, https:\/\/www.citystar.ma\/ar\/wp-content\/uploads\/2020\/05\/WhatsApp-Image-2025-01-04-at-09.21.43-2-1-1024x768.jpeg 1024w, https:\/\/www.citystar.ma\/ar\/wp-content\/uploads\/2020\/05\/WhatsApp-Image-2025-01-04-at-09.21.43-2-1-768x576.jpeg 768w, https:\/\/www.citystar.ma\/ar\/wp-content\/uploads\/2020\/05\/WhatsApp-Image-2025-01-04-at-09.21.43-2-1-1536x1152.jpeg 1536w\" sizes=\"(max-width: 2048px) 100vw, 2048px\" \/>\t\t\t\t\t<\/div>\n\t\t\t\t<\/div>\n\t\t\t<\/div>\n\t\t\n        \t<\/div>\n<\/div>\t\t\t\t<\/div>\n\t\t\t\t<\/div>\n\t\t\t\t\t<\/div>\n\t\t<\/div>\n\t\t\t\t\t<\/div>\n\t\t<\/section>\n\t\t\t\t<section class=\"elementor-section elementor-top-section elementor-element elementor-element-ff51dff elementor-section-full_width elementor-section-height-default elementor-section-height-default qodef-elementor-content-no\" data-id=\"ff51dff\" data-element_type=\"section\" data-settings=\"{&quot;background_background&quot;:&quot;classic&quot;}\">\n\t\t\t\t\t\t<div class=\"elementor-container elementor-column-gap-no\">\n\t\t\t\t\t<div class=\"elementor-column elementor-col-100 elementor-top-column elementor-element elementor-element-2217760\" data-id=\"2217760\" data-element_type=\"column\">\n\t\t\t<div class=\"elementor-widget-wrap elementor-element-populated\">\n\t\t\t\t\t\t<div class=\"elementor-element elementor-element-f6b927c elementor-widget elementor-widget-slider_revolution\" data-id=\"f6b927c\" data-element_type=\"widget\" data-widget_type=\"slider_revolution.default\">\n\t\t\t\t<div class=\"elementor-widget-container\">\n\t\t\t\t\t\n\t\t<div class=\"wp-block-themepunch-revslider\">\n\t\t\t\t<p class=\"rs-p-wp-fix\"><\/p>\n\t\t\t\t<sr7-module data-alias=\"dark-map\" data-id=\"7\" id=\"SR7_7_1\" class=\"rs-ov-hidden\" data-version=\"6.7.18\">\n\t\t\t\t\t<sr7-adjuster><\/sr7-adjuster>\n\t\t\t\t\t<sr7-content>\n\t\t\t\t\t\t<sr7-slide id=\"SR7_7_1-11\" data-key=\"11\">\n\t\t\t\t\t\t\t<sr7-bg id=\"SR7_7_1-11-26\" class=\"sr7-layer\"><noscript><img decoding=\"async\" src=\"https:\/\/citystar.ma\/wp-content\/uploads\/2020\/05\/home-3-rev-map-background.jpg\" alt=\"e\" title=\"home-3-rev-map-background\"><\/noscript><\/sr7-bg>\n\t\t\t\t\t\t\t<sr7-txt id=\"SR7_7_1-11-2\" class=\"sr7-layer\">\u0639\u0644\u0649 \u0628\u064f\u0639\u062f 200 \u0645\u062a\u0631<br \/>\n<\/sr7-txt>\n\t\t\t\t\t\t\t<sr7-txt id=\"SR7_7_1-11-3\" class=\"sr7-layer\">\u0639\u0644\u0649 \u0628\u064f\u0639\u062f 2 \u0643\u0645<br \/>\n<br \/>\n<\/sr7-txt>\n\t\t\t\t\t\t\t<sr7-txt id=\"SR7_7_1-11-4\" class=\"sr7-layer\">\u0639\u0644\u0649 \u0628\u064f\u0639\u062f 3 \u0643\u064a\u0644\u0648\u0645\u062a\u0631\u0627\u062a<br \/>\n<\/sr7-txt>\n\t\t\t\t\t\t\t<sr7-txt id=\"SR7_7_1-11-9\" class=\"sr7-layer\">\u0639\u0644\u0649 \u0628\u064f\u0639\u062f 150 \u0645\u062a\u0631<\/sr7-txt>\n\t\t\t\t\t\t\t<sr7-txt id=\"SR7_7_1-11-11\" class=\"sr7-layer\"><\/sr7-txt>\n\t\t\t\t\t\t\t<sr7-txt id=\"SR7_7_1-11-12\" class=\"sr7-layer\">\u0639\u0644\u0649 \u0628\u064f\u0639\u062f 200 \u0645\u062a\u0631<br \/>\n<\/sr7-txt>\n\t\t\t\t\t\t\t<sr7-txt id=\"SR7_7_1-11-15\" class=\"sr7-layer\">\u0639\u0644\u0649 \u0628\u064f\u0639\u062f 200 \u0645\u062a\u0631<\/sr7-txt>\n\t\t\t\t\t\t\t<sr7-txt id=\"SR7_7_1-11-19\" class=\"sr7-layer\">\u0633\u064a\u062a\u064a \u0633\u062a\u0627\u0631<br \/>\n<\/sr7-txt>\n\t\t\t\t\t\t\t<sr7-txt id=\"SR7_7_1-11-20\" class=\"sr7-layer\">\u0627\u0644\u062d\u062f\u0627\u0626\u0642 <br \/>\n<\/sr7-txt>\n\t\t\t\t\t\t\t<sr7-txt id=\"SR7_7_1-11-21\" class=\"sr7-layer\">\u0645\u0637\u0639\u0645 <\/sr7-txt>\n\t\t\t\t\t\t\t<sr7-txt id=\"SR7_7_1-11-22\" class=\"sr7-layer\">\u0645\u062f\u0631\u0633\u0629 <\/sr7-txt>\n\t\t\t\t\t\t\t<sr7-txt id=\"SR7_7_1-11-23\" class=\"sr7-layer\">\u0645\u0646\u0637\u0642\u0629 \u062d\u0636\u0631\u064a\u0629<\/sr7-txt>\n\t\t\t\t\t\t\t<sr7-txt id=\"SR7_7_1-11-24\" class=\"sr7-layer\">\u0645\u0633\u062a\u0634\u0641\u0649 <\/sr7-txt>\n\t\t\t\t\t\t\t<sr7-txt id=\"SR7_7_1-11-25\" class=\"sr7-layer\">\u0645\u0648\u0644 \u062a\u062c\u0627\u0631\u064a<\/sr7-txt>\n\t\t\t\t\t\t<\/sr7-slide>\n\t\t\t\t\t\t<sr7-slide id=\"SR7_7_1-26\" data-key=\"26\">\n\t\t\t\t\t\t<\/sr7-slide>\n\t\t\t\t\t<\/sr7-content>\n\t\t\t\t\t<image_lists style=\"display:none\">\n\t\t\t\t\t\t<img data-src=\"\/\/ventevillasmarrakech.com\/wp-content\/uploads\/2020\/05\/home-3-rev-map-background.jpg\" width=\"0\" height=\"0\" data-dbsrc=\"Ly92ZW50ZXZpbGxhc21hcnJha2VjaC5jb20vd3AtY29udGVudC91cGxvYWRzLzIwMjAvMDUvaG9tZS0zLXJldi1tYXAtYmFja2dyb3VuZC5qcGc=\"\/>\n\t\t\t\t\t\t<img data-src=\"\/\/citystar.ma\/wp-content\/uploads\/2020\/05\/home-3-rev-pin-img.png\" data-libid=\"1952\" data-lib=\"medialibrary\" alt=\"e\" title=\"home-3-rev-pin-img\" width=\"0\" height=\"0\" data-dbsrc=\"Ly9jaXR5c3Rhci5tYS93cC1jb250ZW50L3VwbG9hZHMvMjAyMC8wNS9ob21lLTMtcmV2LXBpbi1pbWcucG5n\"\/>\n\t\t\t\t\t\t<img loading=\"lazy\" data-src=\"\/\/citystar.ma\/wp-content\/uploads\/2020\/05\/home-3-rev-map-background.jpg\" data-libid=\"1949\" data-lib=\"medialibrary\" alt=\"e\" title=\"home-3-rev-map-background\" width=\"0\" height=\"0\" data-dbsrc=\"Ly9jaXR5c3Rhci5tYS93cC1jb250ZW50L3VwbG9hZHMvMjAyMC8wNS9ob21lLTMtcmV2LW1hcC1iYWNrZ3JvdW5kLmpwZw==\"\/>\n\t\t\t\t\t<\/image_lists>\n\t\t\t\t<\/sr7-module>\n\t\t\t\t<script>\n\t\t\t\t\tSR7.PMH ??={}; SR7.PMH[\"SR7_7_1\"] = {cn:0,state:false,fn: function() { if (_tpt!==undefined && _tpt.prepareModuleHeight !== undefined) {  _tpt.prepareModuleHeight({id:\"SR7_7_1\",el:[835,835,600,600,400],type:'hero',shdw:'0',gh:[835,835,600,600,400],gw:[1920,1920,1350,700,300],vpt:['50px&#039;,&#039;50px&#039;,&#039;50px&#039;,&#039;50px&#039;,&#039;50px'],size:{fullWidth:true, fullHeight:false},mh:'0',onh:0,onw:0,bg:{color:'{\"orig\":\"transparent\",\"type\":\"solid\",\"string\":\"transparent\"}',image:{src:'http:\/\/ventevillasmarrakech.com\/wp-content\/uploads\/2020\/05\/home-3-rev-map-background.jpg',size:'',position:'center center',repeat:''}}});   SR7.PMH[\"SR7_7_1\"].state=true;} else if((SR7.PMH[\"SR7_7_1\"].cn++)<100)\tsetTimeout( SR7.PMH[\"SR7_7_1\"].fn,19);}};SR7.PMH[\"SR7_7_1\" ].fn();\n\t\t\t\t<\/script>\n<\/div>\n\n\t\t\t\t\t\t<\/div>\n\t\t\t\t<\/div>\n\t\t\t\t\t<\/div>\n\t\t<\/div>\n\t\t\t\t\t<\/div>\n\t\t<\/section>\n\t\t\t\t<\/div>\n\t\t","protected":false},"excerpt":{"rendered":"","protected":false},"author":1,"featured_media":0,"parent":0,"menu_order":0,"comment_status":"closed","ping_status":"closed","template":"page-full-width.php","meta":{"footnotes":""},"class_list":["post-1266","page","type-page","status-publish","hentry"],"yoast_head":"<!-- This site is optimized with the Yoast SEO plugin v24.9 - https:\/\/yoast.com\/wordpress\/plugins\/seo\/ -->\n<title>Villa de Luxe \u00e0 Marrakech, 4-5 Suites, Piscine, Jardin | Citystar<\/title>\n<meta name=\"description\" content=\"Magnifique villa de luxe \u00e0 vendre \u00e0 Marrakech, \u00e0 seulement 20 min du golf d&#039;Amelkis. De 4 \u00e0 5 suites, salle de jeux, bureau, grand jardin, piscine et chambre du personnel avec Citystar.\" \/>\n<meta name=\"robots\" content=\"index, follow, max-snippet:-1, max-image-preview:large, max-video-preview:-1\" \/>\n<link rel=\"canonical\" href=\"https:\/\/www.citystar.ma\/ar\/\u062a\u0648\u0627\u0635\u0644-\u0645\u0639\u0646\u0627\/\" \/>\n<meta property=\"og:locale\" content=\"fr_FR\" \/>\n<meta property=\"og:type\" content=\"article\" \/>\n<meta property=\"og:title\" content=\"Magnifique villa de luxe \u00e0 Marrakech proche du golf | Citystar\" \/>\n<meta property=\"og:description\" content=\"Superbe villa de luxe \u00e0 vendre \u00e0 Marrakech, \u00e0 20 min du golf d&#039;Amelkis. 4-5 suites, salle de jeux, bureau, grand jardin, piscine et chambre du personnel avec Citystar.\" \/>\n<meta property=\"og:url\" content=\"https:\/\/www.citystar.ma\/ar\/\u062a\u0648\u0627\u0635\u0644-\u0645\u0639\u0646\u0627\/\" \/>\n<meta property=\"og:site_name\" content=\"\u0633\u064a\u062a\u064a \u0633\u062a\u0627\u0631\u060c \u0627\u0644\u0641\u0644\u0644 \u0627\u0644\u0641\u0627\u062e\u0631\u0629 \u0641\u064a \u0645\u0631\u0627\u0643\u0634\" \/>\n<meta property=\"article:modified_time\" content=\"2025-03-12T10:42:57+00:00\" \/>\n<meta property=\"og:image\" content=\"http:\/\/ventevillasmarrakech.com\/wp-content\/uploads\/2020\/05\/WhatsApp-Image-2025-01-04-at-09.21.43-2-1.jpeg\" \/>\n<meta name=\"twitter:card\" content=\"summary_large_image\" \/>\n<meta name=\"twitter:label1\" content=\"Dur\u00e9e de lecture estim\u00e9e\" \/>\n\t<meta name=\"twitter:data1\" content=\"1 minute\" \/>\n<script type=\"application\/ld+json\" class=\"yoast-schema-graph\">{\"@context\":\"https:\/\/schema.org\",\"@graph\":[{\"@type\":\"WebPage\",\"@id\":\"https:\/\/www.citystar.ma\/ar\/%d8%aa%d9%88%d8%a7%d8%b5%d9%84-%d9%85%d8%b9%d9%86%d8%a7\/\",\"url\":\"https:\/\/www.citystar.ma\/ar\/%d8%aa%d9%88%d8%a7%d8%b5%d9%84-%d9%85%d8%b9%d9%86%d8%a7\/\",\"name\":\"Villa de Luxe \u00e0 Marrakech, 4-5 Suites, Piscine, Jardin | Citystar\",\"isPartOf\":{\"@id\":\"https:\/\/www.citystar.ma\/ar\/#website\"},\"primaryImageOfPage\":{\"@id\":\"https:\/\/www.citystar.ma\/ar\/%d8%aa%d9%88%d8%a7%d8%b5%d9%84-%d9%85%d8%b9%d9%86%d8%a7\/#primaryimage\"},\"image\":{\"@id\":\"https:\/\/www.citystar.ma\/ar\/%d8%aa%d9%88%d8%a7%d8%b5%d9%84-%d9%85%d8%b9%d9%86%d8%a7\/#primaryimage\"},\"thumbnailUrl\":\"http:\/\/ventevillasmarrakech.com\/wp-content\/uploads\/2020\/05\/WhatsApp-Image-2025-01-04-at-09.21.43-2-1.jpeg\",\"datePublished\":\"2020-05-13T07:30:38+00:00\",\"dateModified\":\"2025-03-12T10:42:57+00:00\",\"description\":\"Magnifique villa de luxe \u00e0 vendre \u00e0 Marrakech, \u00e0 seulement 20 min du golf d'Amelkis. De 4 \u00e0 5 suites, salle de jeux, bureau, grand jardin, piscine et chambre du personnel avec Citystar.\",\"breadcrumb\":{\"@id\":\"https:\/\/www.citystar.ma\/ar\/%d8%aa%d9%88%d8%a7%d8%b5%d9%84-%d9%85%d8%b9%d9%86%d8%a7\/#breadcrumb\"},\"inLanguage\":\"fr-FR\",\"potentialAction\":[{\"@type\":\"ReadAction\",\"target\":[\"https:\/\/www.citystar.ma\/ar\/%d8%aa%d9%88%d8%a7%d8%b5%d9%84-%d9%85%d8%b9%d9%86%d8%a7\/\"]}]},{\"@type\":\"ImageObject\",\"inLanguage\":\"fr-FR\",\"@id\":\"https:\/\/www.citystar.ma\/ar\/%d8%aa%d9%88%d8%a7%d8%b5%d9%84-%d9%85%d8%b9%d9%86%d8%a7\/#primaryimage\",\"url\":\"http:\/\/ventevillasmarrakech.com\/wp-content\/uploads\/2020\/05\/WhatsApp-Image-2025-01-04-at-09.21.43-2-1.jpeg\",\"contentUrl\":\"http:\/\/ventevillasmarrakech.com\/wp-content\/uploads\/2020\/05\/WhatsApp-Image-2025-01-04-at-09.21.43-2-1.jpeg\"},{\"@type\":\"BreadcrumbList\",\"@id\":\"https:\/\/www.citystar.ma\/ar\/%d8%aa%d9%88%d8%a7%d8%b5%d9%84-%d9%85%d8%b9%d9%86%d8%a7\/#breadcrumb\",\"itemListElement\":[{\"@type\":\"ListItem\",\"position\":1,\"name\":\"Accueil\",\"item\":\"https:\/\/www.citystar.ma\/ar\/\"},{\"@type\":\"ListItem\",\"position\":2,\"name\":\"\u062a\u0648\u0627\u0635\u0644 \u0645\u0639\u0646\u0627\"}]},{\"@type\":\"WebSite\",\"@id\":\"https:\/\/www.citystar.ma\/ar\/#website\",\"url\":\"https:\/\/www.citystar.ma\/ar\/\",\"name\":\"\u0633\u064a\u062a\u064a \u0633\u062a\u0627\u0631\u060c \u0627\u0644\u0641\u0644\u0644 \u0627\u0644\u0641\u0627\u062e\u0631\u0629 \u0641\u064a \u0645\u0631\u0627\u0643\u0634\",\"description\":\"\u0633\u064a\u062a\u064a-\u0633\u062a\u0627\u0631\",\"publisher\":{\"@id\":\"https:\/\/www.citystar.ma\/ar\/#organization\"},\"potentialAction\":[{\"@type\":\"SearchAction\",\"target\":{\"@type\":\"EntryPoint\",\"urlTemplate\":\"https:\/\/www.citystar.ma\/ar\/?s={search_term_string}\"},\"query-input\":{\"@type\":\"PropertyValueSpecification\",\"valueRequired\":true,\"valueName\":\"search_term_string\"}}],\"inLanguage\":\"fr-FR\"},{\"@type\":\"Organization\",\"@id\":\"https:\/\/www.citystar.ma\/ar\/#organization\",\"name\":\"\u0633\u064a\u062a\u064a \u0633\u062a\u0627\u0631\u060c \u0627\u0644\u0641\u0644\u0644 \u0627\u0644\u0641\u0627\u062e\u0631\u0629 \u0641\u064a \u0645\u0631\u0627\u0643\u0634\",\"url\":\"https:\/\/www.citystar.ma\/ar\/\",\"logo\":{\"@type\":\"ImageObject\",\"inLanguage\":\"fr-FR\",\"@id\":\"https:\/\/www.citystar.ma\/ar\/#\/schema\/logo\/image\/\",\"url\":\"https:\/\/www.citystar.ma\/ar\/wp-content\/uploads\/2024\/12\/cropped-logo-citystar.png\",\"contentUrl\":\"https:\/\/www.citystar.ma\/ar\/wp-content\/uploads\/2024\/12\/cropped-logo-citystar.png\",\"width\":161,\"height\":215,\"caption\":\"\u0633\u064a\u062a\u064a \u0633\u062a\u0627\u0631\u060c \u0627\u0644\u0641\u0644\u0644 \u0627\u0644\u0641\u0627\u062e\u0631\u0629 \u0641\u064a \u0645\u0631\u0627\u0643\u0634\"},\"image\":{\"@id\":\"https:\/\/www.citystar.ma\/ar\/#\/schema\/logo\/image\/\"}}]}<\/script>\n<!-- \/ Yoast SEO plugin. -->","yoast_head_json":{"title":"Villa de Luxe \u00e0 Marrakech, 4-5 Suites, Piscine, Jardin | Citystar","description":"Magnifique villa de luxe \u00e0 vendre \u00e0 Marrakech, \u00e0 seulement 20 min du golf d'Amelkis. De 4 \u00e0 5 suites, salle de jeux, bureau, grand jardin, piscine et chambre du personnel avec Citystar.","robots":{"index":"index","follow":"follow","max-snippet":"max-snippet:-1","max-image-preview":"max-image-preview:large","max-video-preview":"max-video-preview:-1"},"canonical":"https:\/\/www.citystar.ma\/ar\/\u062a\u0648\u0627\u0635\u0644-\u0645\u0639\u0646\u0627\/","og_locale":"fr_FR","og_type":"article","og_title":"Magnifique villa de luxe \u00e0 Marrakech proche du golf | Citystar","og_description":"Superbe villa de luxe \u00e0 vendre \u00e0 Marrakech, \u00e0 20 min du golf d'Amelkis. 4-5 suites, salle de jeux, bureau, grand jardin, piscine et chambre du personnel avec Citystar.","og_url":"https:\/\/www.citystar.ma\/ar\/\u062a\u0648\u0627\u0635\u0644-\u0645\u0639\u0646\u0627\/","og_site_name":"\u0633\u064a\u062a\u064a \u0633\u062a\u0627\u0631\u060c \u0627\u0644\u0641\u0644\u0644 \u0627\u0644\u0641\u0627\u062e\u0631\u0629 \u0641\u064a \u0645\u0631\u0627\u0643\u0634","article_modified_time":"2025-03-12T10:42:57+00:00","og_image":[{"url":"http:\/\/ventevillasmarrakech.com\/wp-content\/uploads\/2020\/05\/WhatsApp-Image-2025-01-04-at-09.21.43-2-1.jpeg","type":"","width":"","height":""}],"twitter_card":"summary_large_image","twitter_misc":{"Dur\u00e9e de lecture estim\u00e9e":"1 minute"},"schema":{"@context":"https:\/\/schema.org","@graph":[{"@type":"WebPage","@id":"https:\/\/www.citystar.ma\/ar\/%d8%aa%d9%88%d8%a7%d8%b5%d9%84-%d9%85%d8%b9%d9%86%d8%a7\/","url":"https:\/\/www.citystar.ma\/ar\/%d8%aa%d9%88%d8%a7%d8%b5%d9%84-%d9%85%d8%b9%d9%86%d8%a7\/","name":"Villa de Luxe \u00e0 Marrakech, 4-5 Suites, Piscine, Jardin | Citystar","isPartOf":{"@id":"https:\/\/www.citystar.ma\/ar\/#website"},"primaryImageOfPage":{"@id":"https:\/\/www.citystar.ma\/ar\/%d8%aa%d9%88%d8%a7%d8%b5%d9%84-%d9%85%d8%b9%d9%86%d8%a7\/#primaryimage"},"image":{"@id":"https:\/\/www.citystar.ma\/ar\/%d8%aa%d9%88%d8%a7%d8%b5%d9%84-%d9%85%d8%b9%d9%86%d8%a7\/#primaryimage"},"thumbnailUrl":"http:\/\/ventevillasmarrakech.com\/wp-content\/uploads\/2020\/05\/WhatsApp-Image-2025-01-04-at-09.21.43-2-1.jpeg","datePublished":"2020-05-13T07:30:38+00:00","dateModified":"2025-03-12T10:42:57+00:00","description":"Magnifique villa de luxe \u00e0 vendre \u00e0 Marrakech, \u00e0 seulement 20 min du golf d'Amelkis. De 4 \u00e0 5 suites, salle de jeux, bureau, grand jardin, piscine et chambre du personnel avec Citystar.","breadcrumb":{"@id":"https:\/\/www.citystar.ma\/ar\/%d8%aa%d9%88%d8%a7%d8%b5%d9%84-%d9%85%d8%b9%d9%86%d8%a7\/#breadcrumb"},"inLanguage":"fr-FR","potentialAction":[{"@type":"ReadAction","target":["https:\/\/www.citystar.ma\/ar\/%d8%aa%d9%88%d8%a7%d8%b5%d9%84-%d9%85%d8%b9%d9%86%d8%a7\/"]}]},{"@type":"ImageObject","inLanguage":"fr-FR","@id":"https:\/\/www.citystar.ma\/ar\/%d8%aa%d9%88%d8%a7%d8%b5%d9%84-%d9%85%d8%b9%d9%86%d8%a7\/#primaryimage","url":"http:\/\/ventevillasmarrakech.com\/wp-content\/uploads\/2020\/05\/WhatsApp-Image-2025-01-04-at-09.21.43-2-1.jpeg","contentUrl":"http:\/\/ventevillasmarrakech.com\/wp-content\/uploads\/2020\/05\/WhatsApp-Image-2025-01-04-at-09.21.43-2-1.jpeg"},{"@type":"BreadcrumbList","@id":"https:\/\/www.citystar.ma\/ar\/%d8%aa%d9%88%d8%a7%d8%b5%d9%84-%d9%85%d8%b9%d9%86%d8%a7\/#breadcrumb","itemListElement":[{"@type":"ListItem","position":1,"name":"Accueil","item":"https:\/\/www.citystar.ma\/ar\/"},{"@type":"ListItem","position":2,"name":"\u062a\u0648\u0627\u0635\u0644 \u0645\u0639\u0646\u0627"}]},{"@type":"WebSite","@id":"https:\/\/www.citystar.ma\/ar\/#website","url":"https:\/\/www.citystar.ma\/ar\/","name":"\u0633\u064a\u062a\u064a \u0633\u062a\u0627\u0631\u060c \u0627\u0644\u0641\u0644\u0644 \u0627\u0644\u0641\u0627\u062e\u0631\u0629 \u0641\u064a \u0645\u0631\u0627\u0643\u0634","description":"\u0633\u064a\u062a\u064a-\u0633\u062a\u0627\u0631","publisher":{"@id":"https:\/\/www.citystar.ma\/ar\/#organization"},"potentialAction":[{"@type":"SearchAction","target":{"@type":"EntryPoint","urlTemplate":"https:\/\/www.citystar.ma\/ar\/?s={search_term_string}"},"query-input":{"@type":"PropertyValueSpecification","valueRequired":true,"valueName":"search_term_string"}}],"inLanguage":"fr-FR"},{"@type":"Organization","@id":"https:\/\/www.citystar.ma\/ar\/#organization","name":"\u0633\u064a\u062a\u064a \u0633\u062a\u0627\u0631\u060c \u0627\u0644\u0641\u0644\u0644 \u0627\u0644\u0641\u0627\u062e\u0631\u0629 \u0641\u064a \u0645\u0631\u0627\u0643\u0634","url":"https:\/\/www.citystar.ma\/ar\/","logo":{"@type":"ImageObject","inLanguage":"fr-FR","@id":"https:\/\/www.citystar.ma\/ar\/#\/schema\/logo\/image\/","url":"https:\/\/www.citystar.ma\/ar\/wp-content\/uploads\/2024\/12\/cropped-logo-citystar.png","contentUrl":"https:\/\/www.citystar.ma\/ar\/wp-content\/uploads\/2024\/12\/cropped-logo-citystar.png","width":161,"height":215,"caption":"\u0633\u064a\u062a\u064a \u0633\u062a\u0627\u0631\u060c \u0627\u0644\u0641\u0644\u0644 \u0627\u0644\u0641\u0627\u062e\u0631\u0629 \u0641\u064a \u0645\u0631\u0627\u0643\u0634"},"image":{"@id":"https:\/\/www.citystar.ma\/ar\/#\/schema\/logo\/image\/"}}]}},"_links":{"self":[{"href":"https:\/\/www.citystar.ma\/ar\/wp-json\/wp\/v2\/pages\/1266","targetHints":{"allow":["GET"]}}],"collection":[{"href":"https:\/\/www.citystar.ma\/ar\/wp-json\/wp\/v2\/pages"}],"about":[{"href":"https:\/\/www.citystar.ma\/ar\/wp-json\/wp\/v2\/types\/page"}],"author":[{"embeddable":true,"href":"https:\/\/www.citystar.ma\/ar\/wp-json\/wp\/v2\/users\/1"}],"replies":[{"embeddable":true,"href":"https:\/\/www.citystar.ma\/ar\/wp-json\/wp\/v2\/comments?post=1266"}],"version-history":[{"count":5,"href":"https:\/\/www.citystar.ma\/ar\/wp-json\/wp\/v2\/pages\/1266\/revisions"}],"predecessor-version":[{"id":4560,"href":"https:\/\/www.citystar.ma\/ar\/wp-json\/wp\/v2\/pages\/1266\/revisions\/4560"}],"wp:attachment":[{"href":"https:\/\/www.citystar.ma\/ar\/wp-json\/wp\/v2\/media?parent=1266"}],"curies":[{"name":"wp","href":"https:\/\/api.w.org\/{rel}","templated":true}]}}